{"id":676,"date":"2022-03-15T09:43:35","date_gmt":"2022-03-15T13:43:35","guid":{"rendered":"https:\/\/www.aleop.ca\/?page_id=676"},"modified":"2025-02-19T15:49:19","modified_gmt":"2025-02-19T20:49:19","slug":"demo-confirmation","status":"publish","type":"page","link":"https:\/\/www.aleop.ca\/en\/demo-confirmation\/","title":{"rendered":"Confirmation de demande de d\u00e9mo"},"content":{"rendered":"<section id=\"section-2-2322\" class=\"ct-section a-center block\" ><div class=\"ct-section-inner-wrap\"><div id=\"div_block-5-2322\" class=\"ct-div-block a-padding-xl a-center a-z-10\" ><div id=\"div_block-11-2322\" class=\"ct-div-block a-gap-m a-center a-max-width-40 a-z-10\" ><h1 id=\"headline-3-2322\" class=\"ct-headline\">See you soon!\n<\/h1><div id=\"text_block-4-2322\" class=\"ct-text-block a-padding-horizontal-xl\" >We confirm that you have made an appointment for a demonstration of the Aleop software with one of our advisors.\n\n<\/div><\/div><\/div><\/div><\/section>\n\n<section id=\"confirmation-posts\" class=\"ct-section blog\" ><div class=\"ct-section-inner-wrap\"><div id=\"div_block-3-2671\" class=\"ct-div-block a-padding-xl a-gap-l a-z-10\" ><div id=\"div_block-12-2671\" class=\"ct-div-block a-gap-xs a-flex-row a-space-between a-full-width a-items-middle\" ><div id=\"div_block-20-2671\" class=\"ct-div-block a-max-width-40 a-gap-xs\" ><h4 id=\"headline-5-2671\" class=\"ct-headline a-text-xl\">To find out even more about Aleop<\/h4><div id=\"text_block-11-2671\" class=\"ct-text-block\" >While waiting for your appointment, why not learn more about Aleop? Discover our various articles to better understand the process, the history of the product and how to use it properly.<\/div><\/div><div id=\"div_block-15-2671\" class=\"ct-div-block social-icons-wrapper\" ><a id=\"link-16-2671\" class=\"ct-link c-radius social-icon-wrap\" href=\"https:\/\/www.facebook.com\/SolutionAleop\/\" target=\"_blank\"  ><div id=\"code_block-17-2671\" class=\"ct-code-block social-icon\" ><svg viewbox=\"0 0 24 24\" xmlns=\"http:\/\/www.w3.org\/2000\/svg\"><path d=\"M7.5 3h9.004A4.496 4.496 0 0 1 21 7.496v9.009A4.496 4.496 0 0 1 16.504 21H7.496A4.496 4.496 0 0 1 3 16.504V7.5A4.5 4.5 0 0 1 7.5 3ZM11.1 12.9h5.4\" stroke-linecap=\"round\" stroke-width=\"1.5\" fill=\"none\" stroke-linejoin=\"round\"\/><path d=\"M16.5 8.4h-.945a2.655 2.655 0 0 0-2.655 2.655V21\" stroke-linecap=\"round\" stroke-width=\"1.5\" fill=\"none\" stroke-linejoin=\"round\"\/><\/svg><\/div><\/a><a id=\"link-18-2671\" class=\"ct-link c-radius social-icon-wrap\" href=\"https:\/\/www.linkedin.com\/company\/aleop\/?originalSubdomain=ca\" target=\"_blank\"  ><div id=\"code_block-19-2671\" class=\"ct-code-block social-icon\" ><svg viewbox=\"0 0 24 24\" xmlns=\"http:\/\/www.w3.org\/2000\/svg\"><path d=\"M7.5 3h9.004A4.496 4.496 0 0 1 21 7.496v9.009A4.496 4.496 0 0 1 16.504 21H7.496A4.496 4.496 0 0 1 3 16.504V7.5A4.5 4.5 0 0 1 7.5 3ZM8.12 11.1v5.4\" stroke-linecap=\"round\" stroke-width=\"1.5\"  fill=\"none\" stroke-linejoin=\"round\"\/><g stroke-linecap=\"round\" stroke-width=\"1.5\" fill=\"none\" stroke-linejoin=\"round\"><path d=\"M11.719 16.5v-3.15a2.25 2.25 0 0 1 2.25-2.25v0a2.25 2.25 0 0 1 2.25 2.25v3.15M8.118 7.838a.225.225 0 1 0 .003.45.225.225 0 0 0-.003-.45\"\/><\/g><\/svg><\/div><\/a><\/div><\/div><div id=\"div_block-7-2671\" class=\"ct-div-block\" ><div id=\"posts\" class=\"ct-code-block a-z-10 a-column--on-m a-columns-2--on-l wpgb-content-1 a-gap-s a-columns-4\" >\n  <div class='a-blog-post a-bg-light'>\n\n  <div class=\"post-card-top\">\n\n  <a href=\"https:\/\/www.aleop.ca\/en\/learning\/the-5-essential-financial-indicators-to-monitor-for-a-business\/\">\n  <img decoding=\"async\" class=\"post-list-img\" alt=\"\" src=\"https:\/\/eshzmn8si6u.exactdn.com\/wp-content\/uploads\/2026\/03\/Les-5-indicateurs-financiers-essentiels-a-surveiller-FR-1.png?lossy=1&w=1920&ssl=1\">\n  <\/a>\n\n  <div class=\"post-cat-container\">\n\n  <a href=\"https:\/\/www.aleop.ca\/en\/cat%c3%a9gorie\/learning\/\" class=\"post-cat\" style=\"background:#e2f9ed;color:#11cc69;\">Learning<\/a>\n  <\/div>\n\n  <a href=\"https:\/\/www.aleop.ca\/en\/learning\/the-5-essential-financial-indicators-to-monitor-for-a-business\/\"><h5 class=\"a-text-m\" title=\"The 5 essential financial indicators to monitor for a business\">The 5 essential financial indicators to monitor for a business<\/h5><\/a>\n\n  <\/div>\n\n  <div class=\"post-info\">\n\n  <div class=\"post-publishing-info\">\n\n  <div>Mar 2, 2026<\/div>\n  \n  <\/div>\n\n  <\/div>\n\n  <\/div>\n\n  \n  <div class='a-blog-post a-bg-light'>\n\n  <div class=\"post-card-top\">\n\n  <a href=\"https:\/\/www.aleop.ca\/en\/actualite\/aleop-launches-its-mobile-app-for-simplified-invoice-management\/\">\n  <img decoding=\"async\" class=\"post-list-img\" alt=\"\" src=\"https:\/\/eshzmn8si6u.exactdn.com\/wp-content\/uploads\/2026\/01\/lancement-app2.png?lossy=1&w=1920&ssl=1\">\n  <\/a>\n\n  <div class=\"post-cat-container\">\n\n  <a href=\"https:\/\/www.aleop.ca\/en\/cat\u00e9gorie\/actualite\/\" class=\"post-cat\" style=\"background:;color:;\">News<\/a>\n  <\/div>\n\n  <a href=\"https:\/\/www.aleop.ca\/en\/actualite\/aleop-launches-its-mobile-app-for-simplified-invoice-management\/\"><h5 class=\"a-text-m\" title=\"Aleop launches its mobile app for simplified invoice management\">Aleop launches its mobile app for simplified invoice management<\/h5><\/a>\n\n  <\/div>\n\n  <div class=\"post-info\">\n\n  <div class=\"post-publishing-info\">\n\n  <div>Jan 7, 2026<\/div>\n  \n  <\/div>\n\n  <\/div>\n\n  <\/div>\n\n  \n  <div class='a-blog-post a-bg-light'>\n\n  <div class=\"post-card-top\">\n\n  <a href=\"https:\/\/www.aleop.ca\/en\/learning\/cash-or-accrual-accounting\/\">\n  <img decoding=\"async\" class=\"post-list-img\" alt=\"\" src=\"https:\/\/eshzmn8si6u.exactdn.com\/wp-content\/uploads\/2022\/04\/Header-Blog-FR.png?lossy=1&w=1920&ssl=1\">\n  <\/a>\n\n  <div class=\"post-cat-container\">\n\n  <a href=\"https:\/\/www.aleop.ca\/en\/cat%c3%a9gorie\/learning\/\" class=\"post-cat\" style=\"background:#e2f9ed;color:#11cc69;\">Learning<\/a>\n  <\/div>\n\n  <a href=\"https:\/\/www.aleop.ca\/en\/learning\/cash-or-accrual-accounting\/\"><h5 class=\"a-text-m\" title=\"Using cash-based or accrual-based accounting\u00a0\">Using cash-based or accrual-based accounting\u00a0<\/h5><\/a>\n\n  <\/div>\n\n  <div class=\"post-info\">\n\n  <div class=\"post-publishing-info\">\n\n  <div>Nov 19, 2024<\/div>\n  \n  <\/div>\n\n  <\/div>\n\n  <\/div>\n\n  \n  <div class='a-blog-post a-bg-light'>\n\n  <div class=\"post-card-top\">\n\n  <a href=\"https:\/\/www.aleop.ca\/en\/learning\/a-guide-to-the-end-of-the-fiscal-year\/\">\n  <img decoding=\"async\" class=\"post-list-img\" alt=\"La gestion en temps r\u00e9el - Aleop\" src=\"https:\/\/eshzmn8si6u.exactdn.com\/wp-content\/uploads\/2022\/01\/piggy-bank-with-money-980x551-1.jpg?lossy=1&w=1920&ssl=1\">\n  <\/a>\n\n  <div class=\"post-cat-container\">\n\n  <a href=\"https:\/\/www.aleop.ca\/en\/cat%c3%a9gorie\/learning\/\" class=\"post-cat\" style=\"background:#e2f9ed;color:#11cc69;\">Learning<\/a>\n  <\/div>\n\n  <a href=\"https:\/\/www.aleop.ca\/en\/learning\/a-guide-to-the-end-of-the-fiscal-year\/\"><h5 class=\"a-text-m\" title=\"A guide to the end of the fiscal year\">A guide to the end of the fiscal year<\/h5><\/a>\n\n  <\/div>\n\n  <div class=\"post-info\">\n\n  <div class=\"post-publishing-info\">\n\n  <div>2021 Mar 13<\/div>\n      <div>By Veronique Dallaire<\/div>\n    \n  <\/div>\n\n  <\/div>\n\n  <\/div>\n\n  <\/div><\/div><\/div><\/div><\/section>","protected":false},"excerpt":{"rendered":"","protected":false},"author":1,"featured_media":0,"parent":0,"menu_order":0,"comment_status":"closed","ping_status":"closed","template":"","meta":{"_acf_changed":false,"footnotes":""},"page_type":[],"class_list":["post-676","page","type-page","status-publish","hentry"],"acf":[],"yoast_head":"<!-- This site is optimized with the Yoast SEO plugin v27.2 - https:\/\/yoast.com\/product\/yoast-seo-wordpress\/ -->\n<title>Confirmation de demande de d\u00e9mo &#8226; Aleop<\/title>\n<meta name=\"description\" content=\"Merci d&#039;avoir pris un rendez-vous pour une d\u00e9monstration des fonctionnalit\u00e9s de Aleop!\" \/>\n<meta name=\"robots\" content=\"index, follow, max-snippet:-1, max-image-preview:large, max-video-preview:-1\" \/>\n<link rel=\"canonical\" href=\"https:\/\/www.aleop.ca\/en\/demo-confirmation\/\" \/>\n<meta property=\"og:locale\" content=\"en_US\" \/>\n<meta property=\"og:type\" content=\"article\" \/>\n<meta property=\"og:title\" content=\"Confirmation de demande de d\u00e9mo &#8226; Aleop\" \/>\n<meta property=\"og:description\" content=\"Merci d&#039;avoir pris un rendez-vous pour une d\u00e9monstration des fonctionnalit\u00e9s de Aleop!\" \/>\n<meta property=\"og:url\" content=\"https:\/\/www.aleop.ca\/en\/demo-confirmation\/\" \/>\n<meta property=\"og:site_name\" content=\"Aleop\" \/>\n<meta property=\"article:publisher\" content=\"https:\/\/www.facebook.com\/SolutionAleop\/\" \/>\n<meta property=\"article:modified_time\" content=\"2025-02-19T20:49:19+00:00\" \/>\n<meta property=\"og:image\" content=\"https:\/\/eshzmn8si6u.exactdn.com\/wp-content\/uploads\/2022\/03\/aleop-og-01-scaled.jpg?lossy=1&ssl=1\" \/>\n\t<meta property=\"og:image:width\" content=\"2560\" \/>\n\t<meta property=\"og:image:height\" content=\"1440\" \/>\n\t<meta property=\"og:image:type\" content=\"image\/jpeg\" \/>\n<meta name=\"twitter:card\" content=\"summary_large_image\" \/>\n<script type=\"application\/ld+json\" class=\"yoast-schema-graph\">{\"@context\":\"https:\/\/schema.org\",\"@graph\":[{\"@type\":\"WebPage\",\"@id\":\"https:\/\/www.aleop.ca\/confirmation-demo\/\",\"url\":\"https:\/\/www.aleop.ca\/confirmation-demo\/\",\"name\":\"Confirmation de demande de d\u00e9mo &#8226; Aleop\",\"isPartOf\":{\"@id\":\"https:\/\/www.aleop.ca\/#website\"},\"datePublished\":\"2022-03-15T13:43:35+00:00\",\"dateModified\":\"2025-02-19T20:49:19+00:00\",\"description\":\"Merci d'avoir pris un rendez-vous pour une d\u00e9monstration des fonctionnalit\u00e9s de Aleop!\",\"breadcrumb\":{\"@id\":\"https:\/\/www.aleop.ca\/confirmation-demo\/#breadcrumb\"},\"inLanguage\":\"en-CA\",\"potentialAction\":[{\"@type\":\"ReadAction\",\"target\":[\"https:\/\/www.aleop.ca\/confirmation-demo\/\"]}]},{\"@type\":\"BreadcrumbList\",\"@id\":\"https:\/\/www.aleop.ca\/confirmation-demo\/#breadcrumb\",\"itemListElement\":[{\"@type\":\"ListItem\",\"position\":1,\"name\":\"Aleop\",\"item\":\"https:\/\/www.aleop.ca\/\"},{\"@type\":\"ListItem\",\"position\":2,\"name\":\"Confirmation de demande de d\u00e9mo\"}]},{\"@type\":\"WebSite\",\"@id\":\"https:\/\/www.aleop.ca\/#website\",\"url\":\"https:\/\/www.aleop.ca\/\",\"name\":\"Aleop\",\"description\":\"Gardez l&#039;oeil sur vos affaires\",\"publisher\":{\"@id\":\"https:\/\/www.aleop.ca\/#organization\"},\"potentialAction\":[{\"@type\":\"SearchAction\",\"target\":{\"@type\":\"EntryPoint\",\"urlTemplate\":\"https:\/\/www.aleop.ca\/?s={search_term_string}\"},\"query-input\":{\"@type\":\"PropertyValueSpecification\",\"valueRequired\":true,\"valueName\":\"search_term_string\"}}],\"inLanguage\":\"en-CA\"},{\"@type\":\"Organization\",\"@id\":\"https:\/\/www.aleop.ca\/#organization\",\"name\":\"Aleop\",\"url\":\"https:\/\/www.aleop.ca\/\",\"logo\":{\"@type\":\"ImageObject\",\"inLanguage\":\"en-CA\",\"@id\":\"https:\/\/www.aleop.ca\/#\/schema\/logo\/image\/\",\"url\":\"https:\/\/eshzmn8si6u.exactdn.com\/wp-content\/uploads\/2021\/11\/aleop-logo-MD.png?lossy=1&ssl=1\",\"contentUrl\":\"https:\/\/eshzmn8si6u.exactdn.com\/wp-content\/uploads\/2021\/11\/aleop-logo-MD.png?lossy=1&ssl=1\",\"width\":784,\"height\":338,\"caption\":\"Aleop\"},\"image\":{\"@id\":\"https:\/\/www.aleop.ca\/#\/schema\/logo\/image\/\"},\"sameAs\":[\"https:\/\/www.facebook.com\/SolutionAleop\/\",\"https:\/\/www.linkedin.com\/company\/aleop\/?originalSubdomain=ca\",\"https:\/\/www.youtube.com\/channel\/UCa1Cq6ufhSLgAE1f8VsYWwA\"]}]}<\/script>\n<!-- \/ Yoast SEO plugin. -->","yoast_head_json":{"title":"Confirmation de demande de d\u00e9mo &#8226; Aleop","description":"Merci d'avoir pris un rendez-vous pour une d\u00e9monstration des fonctionnalit\u00e9s de Aleop!","robots":{"index":"index","follow":"follow","max-snippet":"max-snippet:-1","max-image-preview":"max-image-preview:large","max-video-preview":"max-video-preview:-1"},"canonical":"https:\/\/www.aleop.ca\/en\/demo-confirmation\/","og_locale":"en_US","og_type":"article","og_title":"Confirmation de demande de d\u00e9mo &#8226; Aleop","og_description":"Merci d'avoir pris un rendez-vous pour une d\u00e9monstration des fonctionnalit\u00e9s de Aleop!","og_url":"https:\/\/www.aleop.ca\/en\/demo-confirmation\/","og_site_name":"Aleop","article_publisher":"https:\/\/www.facebook.com\/SolutionAleop\/","article_modified_time":"2025-02-19T20:49:19+00:00","og_image":[{"width":2560,"height":1440,"url":"https:\/\/eshzmn8si6u.exactdn.com\/wp-content\/uploads\/2022\/03\/aleop-og-01-scaled.jpg?lossy=1&ssl=1","type":"image\/jpeg"}],"twitter_card":"summary_large_image","schema":{"@context":"https:\/\/schema.org","@graph":[{"@type":"WebPage","@id":"https:\/\/www.aleop.ca\/confirmation-demo\/","url":"https:\/\/www.aleop.ca\/confirmation-demo\/","name":"Confirmation de demande de d\u00e9mo &#8226; Aleop","isPartOf":{"@id":"https:\/\/www.aleop.ca\/#website"},"datePublished":"2022-03-15T13:43:35+00:00","dateModified":"2025-02-19T20:49:19+00:00","description":"Merci d'avoir pris un rendez-vous pour une d\u00e9monstration des fonctionnalit\u00e9s de Aleop!","breadcrumb":{"@id":"https:\/\/www.aleop.ca\/confirmation-demo\/#breadcrumb"},"inLanguage":"en-CA","potentialAction":[{"@type":"ReadAction","target":["https:\/\/www.aleop.ca\/confirmation-demo\/"]}]},{"@type":"BreadcrumbList","@id":"https:\/\/www.aleop.ca\/confirmation-demo\/#breadcrumb","itemListElement":[{"@type":"ListItem","position":1,"name":"Aleop","item":"https:\/\/www.aleop.ca\/"},{"@type":"ListItem","position":2,"name":"Confirmation de demande de d\u00e9mo"}]},{"@type":"WebSite","@id":"https:\/\/www.aleop.ca\/#website","url":"https:\/\/www.aleop.ca\/","name":"Aleop","description":"Gardez l&#039;oeil sur vos affaires","publisher":{"@id":"https:\/\/www.aleop.ca\/#organization"},"potentialAction":[{"@type":"SearchAction","target":{"@type":"EntryPoint","urlTemplate":"https:\/\/www.aleop.ca\/?s={search_term_string}"},"query-input":{"@type":"PropertyValueSpecification","valueRequired":true,"valueName":"search_term_string"}}],"inLanguage":"en-CA"},{"@type":"Organization","@id":"https:\/\/www.aleop.ca\/#organization","name":"Aleop","url":"https:\/\/www.aleop.ca\/","logo":{"@type":"ImageObject","inLanguage":"en-CA","@id":"https:\/\/www.aleop.ca\/#\/schema\/logo\/image\/","url":"https:\/\/eshzmn8si6u.exactdn.com\/wp-content\/uploads\/2021\/11\/aleop-logo-MD.png?lossy=1&ssl=1","contentUrl":"https:\/\/eshzmn8si6u.exactdn.com\/wp-content\/uploads\/2021\/11\/aleop-logo-MD.png?lossy=1&ssl=1","width":784,"height":338,"caption":"Aleop"},"image":{"@id":"https:\/\/www.aleop.ca\/#\/schema\/logo\/image\/"},"sameAs":["https:\/\/www.facebook.com\/SolutionAleop\/","https:\/\/www.linkedin.com\/company\/aleop\/?originalSubdomain=ca","https:\/\/www.youtube.com\/channel\/UCa1Cq6ufhSLgAE1f8VsYWwA"]}]}},"_links":{"self":[{"href":"https:\/\/www.aleop.ca\/en\/wp-json\/wp\/v2\/pages\/676","targetHints":{"allow":["GET"]}}],"collection":[{"href":"https:\/\/www.aleop.ca\/en\/wp-json\/wp\/v2\/pages"}],"about":[{"href":"https:\/\/www.aleop.ca\/en\/wp-json\/wp\/v2\/types\/page"}],"author":[{"embeddable":true,"href":"https:\/\/www.aleop.ca\/en\/wp-json\/wp\/v2\/users\/1"}],"replies":[{"embeddable":true,"href":"https:\/\/www.aleop.ca\/en\/wp-json\/wp\/v2\/comments?post=676"}],"version-history":[{"count":6,"href":"https:\/\/www.aleop.ca\/en\/wp-json\/wp\/v2\/pages\/676\/revisions"}],"predecessor-version":[{"id":3622,"href":"https:\/\/www.aleop.ca\/en\/wp-json\/wp\/v2\/pages\/676\/revisions\/3622"}],"wp:attachment":[{"href":"https:\/\/www.aleop.ca\/en\/wp-json\/wp\/v2\/media?parent=676"}],"wp:term":[{"taxonomy":"page_type","embeddable":true,"href":"https:\/\/www.aleop.ca\/en\/wp-json\/wp\/v2\/page_type?post=676"}],"curies":[{"name":"wp","href":"https:\/\/api.w.org\/{rel}","templated":true}]}}