{"id":48,"date":"2022-01-27T20:30:41","date_gmt":"2022-01-28T01:30:41","guid":{"rendered":"https:\/\/www.aleop.ca\/index.php\/a-propos\/"},"modified":"2025-06-10T14:16:52","modified_gmt":"2025-06-10T18:16:52","slug":"about","status":"publish","type":"page","link":"https:\/\/www.aleop.ca\/en\/about\/","title":{"rendered":"About"},"content":{"rendered":"<section id=\"section-2-2322\" class=\"ct-section a-center block\" ><div class=\"ct-section-inner-wrap\"><div id=\"div_block-5-2322\" class=\"ct-div-block a-padding-xl a-center a-z-10\" ><div id=\"div_block-11-2322\" class=\"ct-div-block a-gap-m a-center a-max-width-40 a-z-10\" ><h1 id=\"headline-3-2322\" class=\"ct-headline\">About Aleop\n<\/h1><div id=\"text_block-4-2322\" class=\"ct-text-block a-padding-horizontal-xl\" >We help businesses make better decisions by providing real-time management information about their finances.\n\n<\/div><\/div><\/div><\/div><\/section>\n\n<section id=\"section-2-2444\" class=\"ct-section a-center block\" ><div class=\"ct-section-inner-wrap\"><div id=\"div_block-3-2444\" class=\"ct-div-block a-full-width a-z-10 gutenhide a-flex-column a-items-middle a-gap-l a-padding-xl\"  guten-info=\"\u00c9quipe Aleop\"><h1 id=\"headline-4-2444\" class=\"ct-headline a-z-10 a-text-2xl\">Board Members<\/h1><div id=\"code_block-5-2444\" class=\"ct-code-block a-full-width a-text-left a-columns-3 a-column--on-m a-columns-2--on-l a-gap-xl a-ca-members a-overflow-hidden\"  guten-info=\"Conseil d&apos;administration\"><div><div class=\"a-text-m a-font-500\">Robert Verge, agr.<\/div><div class=\"a-text-s\">President<\/span><\/div><\/div><div><div class=\"a-text-m a-font-500\">Andr\u00e9 Grenier<\/div><div class=\"a-text-s\">Vice President, appointed by CEGA<\/span><\/div><\/div><div><div class=\"a-text-m a-font-500\">R\u00e9my Lambert<\/div><div class=\"a-text-s\">Director, appointed by CEGA<\/span><\/div><\/div><div><div class=\"a-text-m a-font-500\">Patrice Carle, agr.<\/div><div class=\"a-text-s\">Director<\/span><\/div><\/div><div><div class=\"a-text-m a-font-500\">Sylvain Morel<\/div><div class=\"a-text-s\">Observer, Desjardins<\/span><\/div><\/div><\/div><\/div><\/div><\/section>\n\n<section id=\"team\" class=\"ct-section a-center block\" ><div class=\"ct-section-inner-wrap\"><div id=\"team-members\" class=\"ct-div-block a-full-width a-z-10 swiper a-padding-vertical-xl gutenhide a-flex-column a-items-middle a-gap-l\"  guten-info=\"\u00c9quipe Aleop\"><h1 id=\"headline-6-2431\" class=\"ct-headline a-z-10 a-text-2xl\">The Aleop team<\/h1><div id=\"team-carrousel\" class=\"ct-code-block a-full-width swiper-wrapper\" ><div class=\"a-team-card swiper-slide animate-children\" data-count=\"11\"><div class=\"a-flex-column a-items-middle\"><div class=\"a-team-img\"><img decoding=\"async\" src=\"https:\/\/eshzmn8si6u.exactdn.com\/wp-content\/uploads\/2022\/02\/patricecarl.jpg?lossy=1&ssl=1\" alt=\"Patrice Carl - Directeur g\u00e9n\u00e9ral\"><\/div><div><h4 class=\"a-text-m\">Patrice Carle, agr.<\/h4><div class=\"a-text-s a-text-primary-60 a-team-position\">Chief Executive Officer<\/div><\/div><\/div><\/div><div class=\"a-team-card swiper-slide animate-children\" data-count=\"11\"><div class=\"a-flex-column a-items-middle\"><div class=\"a-team-img\"><img decoding=\"async\" src=\"https:\/\/eshzmn8si6u.exactdn.com\/wp-content\/uploads\/2022\/02\/FrancisBoucher.jpg?lossy=1&ssl=1\" alt=\"Francis Boucher, conseiller Aleop\"><\/div><div><h4 class=\"a-text-m\">Francis Boucher<\/h4><div class=\"a-text-s a-text-primary-60 a-team-position\">Product specialist<\/div><\/div><\/div><\/div><div class=\"a-team-card swiper-slide animate-children\" data-count=\"11\"><div class=\"a-flex-column a-items-middle\"><div class=\"a-team-img\"><img decoding=\"async\" src=\"https:\/\/eshzmn8si6u.exactdn.com\/wp-content\/uploads\/2022\/02\/aleop-equipe-12.jpg?lossy=1&ssl=1\" alt=\"S\u00e9bastien Nadeau, Product Owner\"><\/div><div><h4 class=\"a-text-m\">S\u00e9bastien Nadeau<\/h4><div class=\"a-text-s a-text-primary-60 a-team-position\">Chief Operating Officer<\/div><\/div><\/div><\/div><div class=\"a-team-card swiper-slide animate-children\" data-count=\"11\"><div class=\"a-flex-column a-items-middle\"><div class=\"a-team-img\"><img decoding=\"async\" src=\"https:\/\/eshzmn8si6u.exactdn.com\/wp-content\/uploads\/2022\/02\/aleop-equipe-9.jpg?lossy=1&ssl=1\" alt=\"Mathieu Bourgoin, directeur TI\"><\/div><div><h4 class=\"a-text-m\">Mathieu Bourgoin<\/h4><div class=\"a-text-s a-text-primary-60 a-team-position\">Chief Operating Officer<\/div><\/div><\/div><\/div><div class=\"a-team-card swiper-slide animate-children\" data-count=\"11\"><div class=\"a-flex-column a-items-middle\"><div class=\"a-team-img\"><img decoding=\"async\" src=\"https:\/\/eshzmn8si6u.exactdn.com\/wp-content\/uploads\/2022\/02\/aleop-equipe-2.jpg?lossy=1&ssl=1\" alt=\"Anne-Ren\u00e9e Robitaille, analyste chez Aleop\"><\/div><div><h4 class=\"a-text-m\">Anne-Ren\u00e9e Robillard<\/h4><div class=\"a-text-s a-text-primary-60 a-team-position\">Functional Analyst<\/div><\/div><\/div><\/div><div class=\"a-team-card swiper-slide animate-children\" data-count=\"11\"><div class=\"a-flex-column a-items-middle\"><div class=\"a-team-img\"><img decoding=\"async\" src=\"https:\/\/eshzmn8si6u.exactdn.com\/wp-content\/uploads\/2022\/02\/aleop-equipe-4.jpg?lossy=1&ssl=1\" alt=\"Claudine Ouellet Adjointe de direction\"><\/div><div><h4 class=\"a-text-m\">Claudine Ouellet<\/h4><div class=\"a-text-s a-text-primary-60 a-team-position\">Executive Assistant \/ Accounting <\/div><\/div><\/div><\/div><div class=\"a-team-card swiper-slide animate-children\" data-count=\"11\"><div class=\"a-flex-column a-items-middle\"><div class=\"a-team-img\"><img decoding=\"async\" src=\"https:\/\/eshzmn8si6u.exactdn.com\/wp-content\/uploads\/2022\/02\/aleop-equipe-3.jpg?lossy=1&ssl=1\" alt=\"Azniv Guylumyan, Adjointe administrative et qualiticienne\"><\/div><div><h4 class=\"a-text-m\">Azniv Guylumyan<\/h4><div class=\"a-text-s a-text-primary-60 a-team-position\">Administrative Assistant \/ Quality Control <\/div><\/div><\/div><\/div><div class=\"a-team-card swiper-slide animate-children\" data-count=\"11\"><div class=\"a-flex-column a-items-middle\"><div class=\"a-team-img\"><img decoding=\"async\" src=\"https:\/\/eshzmn8si6u.exactdn.com\/wp-content\/uploads\/2022\/04\/Carole-Vachon.jpg?lossy=1&ssl=1\" alt=\"\"><\/div><div><h4 class=\"a-text-m\">Carole Vachon<\/h4><div class=\"a-text-s a-text-primary-60 a-team-position\">Quality Control<\/div><\/div><\/div><\/div><div class=\"a-team-card swiper-slide animate-children\" data-count=\"11\"><div class=\"a-flex-column a-items-middle\"><div class=\"a-team-img\"><img decoding=\"async\" src=\"https:\/\/eshzmn8si6u.exactdn.com\/wp-content\/uploads\/2024\/09\/StephanieVerville.jpg?lossy=1&ssl=1\" alt=\"Specialiste produit chez Aleop\"><\/div><div><h4 class=\"a-text-m\">St\u00e9phanie Verville<\/h4><div class=\"a-text-s a-text-primary-60 a-team-position\">Product specialist<\/div><\/div><\/div><\/div><div class=\"a-team-card swiper-slide animate-children\" data-count=\"11\"><a href=\"\/en\/contact-us\/?dep=marketing\" class=\"a-badge primary a-team-btn\"><span>Talk with me<\/span><\/a><div class=\"a-flex-column a-items-middle\"><div class=\"a-team-img\"><img decoding=\"async\" src=\"https:\/\/eshzmn8si6u.exactdn.com\/wp-content\/uploads\/2022\/02\/aleop-equipe-14.jpg?lossy=1&ssl=1\" alt=\"V\u00e9ronique Dallaire, Directrice ventes et marketing\"><\/div><div><h4 class=\"a-text-m\">V\u00e9ronique Dallaire<\/h4><div class=\"a-text-s a-text-primary-60 a-team-position\">Sales and Marketing Director <\/div><\/div><\/div><\/div><div class=\"a-team-card swiper-slide animate-children\" data-count=\"11\"><div class=\"a-flex-column a-items-middle\"><div class=\"a-team-img\"><img decoding=\"async\" src=\"https:\/\/eshzmn8si6u.exactdn.com\/wp-content\/uploads\/2025\/09\/Evens-Gosselin.jpg?lossy=1&ssl=1\" alt=\"Photo de Evens Gosselin\"><\/div><div><h4 class=\"a-text-m\">Evens Gosselin<\/h4><div class=\"a-text-s a-text-primary-60 a-team-position\">Sales advisor<\/div><\/div><\/div><\/div><\/div><div id=\"team-pagination\" class=\"ct-div-block a-team-pagination a-padding-horizontal-4xl guten-hide-full\" ><\/div><\/div><\/div><\/section>\n\n<section id=\"career-section\" class=\"ct-section\" ><div class=\"ct-section-inner-wrap\"><div id=\"career-wrapper\" class=\"ct-div-block a-padding-xl a-z-10\" ><div id=\"career-columns\" class=\"ct-div-block a-gap-xl a-columns-2 a-column--on-l\" ><div id=\"div_block-4-2651\" class=\"ct-div-block c-height-100 a-gap-m\" ><h1 id=\"headline-12-2651\" class=\"ct-headline\">Careers<\/h1><div id=\"text_block-13-2651\" class=\"ct-text-block\" >Accounting may not seem attractive, but our team is full of charm.<br><br>Working at Aleop means finding an environment that accepts you as you are and that allows you to progress professionally without forgetting to have fun!<\/div><div id=\"code_block-6-2651\" class=\"ct-code-block a-full-width a-gap-s a-flex-column\" >\n\n\n<\/div><\/div><img decoding=\"async\"  id=\"image-7-2651\" alt=\"\" src=\"https:\/\/eshzmn8si6u.exactdn.com\/wp-content\/uploads\/2022\/02\/Photo-equipe-2019.jpg?lossy=1&w=1366&ssl=1\" class=\"ct-image animate-scroll a-radius-xl\"\/><\/div><\/div><\/div><\/section>            <div tabindex=\"-1\" class=\"oxy-modal-backdrop bottom\"\n                style=\"background-color: rgba(0,0,0,0.5);\"\n                data-trigger=\"user_clicks_element\"                data-trigger-selector=\".a-job\"                data-trigger-time=\"5\"                data-trigger-time-unit=\"seconds\"                data-close-automatically=\"no\"                data-close-after-time=\"10\"                data-close-after-time-unit=\"seconds\"                data-trigger_scroll_amount=\"50\"                data-trigger_scroll_direction=\"down\"\t            data-scroll_to_selector=\"\"\t            data-time_inactive=\"60\"\t            data-time-inactive-unit=\"seconds\"\t            data-number_of_clicks=\"3\"\t            data-close_on_esc=\"on\"\t            data-number_of_page_views=\"3\"                data-close-after-form-submit=\"no\"                data-open-again=\"always_show\"                data-open-again-after-days=\"3\"            >\n\n                <div id=\"modal-8-2651\" class=\"ct-modal a-relative a-overflow-hidden\"  data-aos=\"slide-up\"><div id=\"fancy_icon-9-2651\" class=\"ct-fancy-icon oxy-close-modal\" ><svg id=\"svg-fancy_icon-9-2651\"><use xlink:href=\"#Lineariconsicon-cross\"><\/use><\/svg><\/div><div id=\"code_block-10-2651\" class=\"ct-code-block a-columns-2 a-gap-l a-height-100 a-column--on-l\" ><div class=\"job-info a-flex-column a-gap-m a-padding-xl a-gap-m\"><h2 class=\"job-title\"><\/h2><div class=\"job-description animate-children-scroll\"><\/div><\/div><div class=\"a-padding-xl a-flex-row a-items-middle job-form\"><div class='fluentform ff-default fluentform_wrapper_7 ffs_default_wrap'><form data-form_id=\"7\" id=\"fluentform_7\" class=\"frm-fluent-form fluent_form_7 ff-el-form-top ff_form_instance_7_1 ff-form-loading ffs_default\" data-form_instance=\"ff_form_instance_7_1\" method=\"POST\" action=\"\" ><fieldset  style=\"border: none!important;margin: 0!important;padding: 0!important;background-color: transparent!important;box-shadow: none!important;outline: none!important; min-inline-size: 100%;\">\n                    <legend class=\"ff_screen_reader_title\" style=\"display: block; margin: 0!important;padding: 0!important;height: 0!important;text-indent: -999999px;width: 0!important;overflow:hidden;\">Demande d&#039;embauche<\/legend><input type='hidden' name='__fluent_form_embded_post_id' value='48' \/><input type=\"hidden\" id=\"_fluentform_7_fluentformnonce\" name=\"_fluentform_7_fluentformnonce\" value=\"359fcc6103\" \/><input type=\"hidden\" name=\"_wp_http_referer\" value=\"\/en\/wp-json\/wp\/v2\/pages\/48\" \/><div data-type=\"name-element\" data-name=\"names\" class=\"ff-field_container ff-name-field-wrapper\" ><div class='ff-t-container'><div class='ff-t-cell'><div class='ff-el-group  ff-el-form-top'><div class=\"ff-el-input--label asterisk-right\"><label for='ff_7_names_first_name_' id='label_ff_7_names_first_name_' >First name<\/label><\/div><div class='ff-el-input--content'><input type=\"text\" name=\"names[first_name]\" id=\"ff_7_names_first_name_\" class=\"ff-el-form-control\" aria-invalid=\"false\" aria-required=\"false\"><\/div><\/div><\/div><div class='ff-t-cell'><div class='ff-el-group  ff-el-form-top'><div class=\"ff-el-input--label asterisk-right\"><label for='ff_7_names_last_name_' id='label_ff_7_names_last_name_' >First name<\/label><\/div><div class='ff-el-input--content'><input type=\"text\" name=\"names[last_name]\" id=\"ff_7_names_last_name_\" class=\"ff-el-form-control\" aria-invalid=\"false\" aria-required=\"false\"><\/div><\/div><\/div><\/div><\/div><div class='ff-el-group'><div class=\"ff-el-input--label asterisk-right\"><label for='ff_7_email' id='label_ff_7_email' aria-label=\"Email address\">Email address<\/label><\/div><div class='ff-el-input--content'><input type=\"email\" name=\"email\" id=\"ff_7_email\" class=\"ff-el-form-control\" data-name=\"email\"  aria-invalid=\"false\" aria-required=\"false\"><\/div><\/div><div class='ff-el-group'><div class=\"ff-el-input--label ff-el-is-required asterisk-right\"><label for='ff_7_input_mask' id='label_ff_7_input_mask' aria-label=\"Phone number\">Phone number<\/label><\/div><div class='ff-el-input--content'><input type=\"text\" name=\"input_mask\" data-mask=\"(000) 000-0000\" class=\"ff-el-form-control\" data-name=\"input_mask\" id=\"ff_7_input_mask\"  aria-invalid=\"false\" aria-required=\"true\"><\/div><\/div><div class='ff-el-group ff-hidden'><div class=\"ff-el-input--label asterisk-right\"><label for='ff_7_cpt_selection' id='label_ff_7_cpt_selection' aria-label=\"Poste d&#039;embauche\">Poste d'embauche<\/label><\/div><div class='ff-el-input--content'><select name=\"cpt_selection\" id=\"ff_7_cpt_selection\" class=\"ff-el-form-control\" data-name=\"cpt_selection\" data-calc_value=\"0\"  aria-invalid=\"false\" aria-required=\"false\" aria-labelledby=\"label_ff_7_cpt_selection\"><option value=\"\">- Selectionner -<\/option><\/select><\/div><\/div><div class='ff-el-group'><div class=\"ff-el-input--label ff-el-is-required asterisk-right\"><label for='ff_7_cv_upload_1' id='label_ff_7_cv_upload_1' aria-label=\"Find your files\">Find your files<\/label><\/div><div class='ff-el-input--content'><label for='ff_7_cv_upload_1' class='ff_file_upload_holder'><span class='ff_upload_btn ff-btn' tabindex='0'>Choose your resume<\/span> <input type=\"file\" name=\"cv_upload\" id=\"ff_7_cv_upload_1\" class=\"ff-el-form-control c-btn-main blue ff-screen-reader-element\" data-name=\"cv_upload\" multiple=\"1\"  aria-invalid='false' aria-required=\"true\"><\/label><\/div><\/div><div class='ff-el-group ff-text-left ff_submit_btn_wrapper'><button type=\"submit\" class=\"ff-btn ff-btn-submit ff-btn-md a-btn ff_btn_no_style\"  aria-label=\"Apply now\">Apply now<\/button><\/div><\/fieldset><input type=\"hidden\" name=\"trp-form-language\" value=\"en\"\/><\/form><div id='fluentform_7_errors' class='ff-errors-in-stack ff_form_instance_7_1 ff-form-loading_errors ff_form_instance_7_1_errors'><\/div><\/div>            <script type=\"text\/javascript\">\n                window.fluent_form_ff_form_instance_7_1 = {\"id\":\"7\",\"ajaxUrl\":\"https:\\\/\\\/www.aleop.ca\\\/wp-admin\\\/admin-ajax.php\",\"settings\":{\"layout\":{\"labelPlacement\":\"top\",\"helpMessagePlacement\":\"with_label\",\"errorMessagePlacement\":\"inline\",\"asteriskPlacement\":\"asterisk-right\"},\"restrictions\":{\"denyEmptySubmission\":{\"enabled\":false}}},\"form_instance\":\"ff_form_instance_7_1\",\"form_id_selector\":\"fluentform_7\",\"rules\":{\"names[first_name]\":{\"required\":{\"value\":false,\"message\":\"Ce champ est obligatoire\",\"global\":false,\"global_message\":\"Ce champ est obligatoire\"}},\"names[middle_name]\":{\"required\":{\"value\":false,\"message\":\"Ce champ est obligatoire\",\"global\":false,\"global_message\":\"Ce champ est obligatoire\"}},\"names[last_name]\":{\"required\":{\"value\":false,\"message\":\"Ce champ est obligatoire\",\"global\":false,\"global_message\":\"Ce champ est obligatoire\"}},\"email\":{\"required\":{\"value\":false,\"message\":\"Ce champ est obligatoire\",\"global\":false,\"global_message\":\"Ce champ est obligatoire\"},\"email\":{\"value\":true,\"message\":\"Ce champ doit contenir un e-mail valide\",\"global\":false,\"global_message\":\"Ce champ doit contenir un e-mail valide\"}},\"input_mask\":{\"required\":{\"value\":true,\"message\":\"Ce champ est obligatoire\",\"global\":false,\"global_message\":\"Ce champ est obligatoire\"}},\"cpt_selection\":{\"required\":{\"value\":false,\"message\":\"Ce champ est requis\",\"global\":false,\"global_message\":\"Ce champ est obligatoire\"}},\"cv_upload\":{\"required\":{\"value\":true,\"message\":\"Ce champ est obligatoire\",\"global\":false,\"global_message\":\"Ce champ est obligatoire\"},\"max_file_size\":{\"value\":1048576,\"_valueFrom\":\"MB\",\"message\":\"La limite maximale de taille du fichier est de 1 Mo\",\"global\":false,\"global_message\":\"\\u00c9chec de la validation de la taille maximale de fichier\"},\"max_file_count\":{\"value\":1,\"message\":\"Vous pouvez t\\u00e9l\\u00e9charger un fichier au maximum\",\"global\":false,\"global_message\":\"\\u00c9chec de la validation du nombre maximal de fichiers\"},\"allowed_file_types\":{\"value\":[],\"message\":\"Type de fichier invalide\",\"global\":false,\"global_message\":\"Type de fichier invalide\"}}},\"debounce_time\":300};\n                            <\/script>\n            <\/div><\/div><\/div>\n            <\/div>","protected":false},"excerpt":{"rendered":"","protected":false},"author":1,"featured_media":0,"parent":0,"menu_order":0,"comment_status":"closed","ping_status":"closed","template":"","meta":{"_acf_changed":false,"footnotes":""},"page_type":[],"class_list":["post-48","page","type-page","status-publish","hentry"],"blocksy_meta":[],"acf":[],"yoast_head":"<!-- This site is optimized with the Yoast SEO plugin v27.2 - https:\/\/yoast.com\/product\/yoast-seo-wordpress\/ -->\n<title>\u00c0 propos de nous et notre mission &#8226; Aleop<\/title>\n<meta name=\"description\" content=\"Nous aidons les PME \u00e0 prendre de meilleures d\u00e9cisions en leur fournissant de l&#039;information de gestion en temps r\u00e9el sur leurs finances.\" \/>\n<meta name=\"robots\" content=\"index, follow, max-snippet:-1, max-image-preview:large, max-video-preview:-1\" \/>\n<link rel=\"canonical\" href=\"https:\/\/www.aleop.ca\/en\/about\/\" \/>\n<meta property=\"og:locale\" content=\"en_US\" \/>\n<meta property=\"og:type\" content=\"article\" \/>\n<meta property=\"og:title\" content=\"\u00c0 propos de nous et notre mission &#8226; Aleop\" \/>\n<meta property=\"og:description\" content=\"Nous aidons les PME \u00e0 prendre de meilleures d\u00e9cisions en leur fournissant de l&#039;information de gestion en temps r\u00e9el sur leurs finances.\" \/>\n<meta property=\"og:url\" content=\"https:\/\/www.aleop.ca\/en\/about\/\" \/>\n<meta property=\"og:site_name\" content=\"Aleop\" \/>\n<meta property=\"article:publisher\" content=\"https:\/\/www.facebook.com\/SolutionAleop\/\" \/>\n<meta property=\"article:modified_time\" content=\"2025-06-10T18:16:52+00:00\" \/>\n<meta property=\"og:image\" content=\"https:\/\/eshzmn8si6u.exactdn.com\/wp-content\/uploads\/2022\/03\/aleop-og-01-scaled.jpg?lossy=1&ssl=1\" \/>\n\t<meta property=\"og:image:width\" content=\"2560\" \/>\n\t<meta property=\"og:image:height\" content=\"1440\" \/>\n\t<meta property=\"og:image:type\" content=\"image\/jpeg\" \/>\n<meta name=\"twitter:card\" content=\"summary_large_image\" \/>\n<meta name=\"twitter:label1\" content=\"Est. reading time\" \/>\n\t<meta name=\"twitter:data1\" content=\"6 minutes\" \/>\n<script type=\"application\/ld+json\" class=\"yoast-schema-graph\">{\"@context\":\"https:\/\/schema.org\",\"@graph\":[{\"@type\":\"WebPage\",\"@id\":\"https:\/\/www.aleop.ca\/a-propos\/\",\"url\":\"https:\/\/www.aleop.ca\/a-propos\/\",\"name\":\"\u00c0 propos de nous et notre mission &#8226; Aleop\",\"isPartOf\":{\"@id\":\"https:\/\/www.aleop.ca\/#website\"},\"datePublished\":\"2022-01-28T01:30:41+00:00\",\"dateModified\":\"2025-06-10T18:16:52+00:00\",\"description\":\"Nous aidons les PME \u00e0 prendre de meilleures d\u00e9cisions en leur fournissant de l'information de gestion en temps r\u00e9el sur leurs finances.\",\"breadcrumb\":{\"@id\":\"https:\/\/www.aleop.ca\/a-propos\/#breadcrumb\"},\"inLanguage\":\"en-CA\",\"potentialAction\":[{\"@type\":\"ReadAction\",\"target\":[\"https:\/\/www.aleop.ca\/a-propos\/\"]}]},{\"@type\":\"BreadcrumbList\",\"@id\":\"https:\/\/www.aleop.ca\/a-propos\/#breadcrumb\",\"itemListElement\":[{\"@type\":\"ListItem\",\"position\":1,\"name\":\"Aleop\",\"item\":\"https:\/\/www.aleop.ca\/\"},{\"@type\":\"ListItem\",\"position\":2,\"name\":\"\u00c0 propos\"}]},{\"@type\":\"WebSite\",\"@id\":\"https:\/\/www.aleop.ca\/#website\",\"url\":\"https:\/\/www.aleop.ca\/\",\"name\":\"Aleop\",\"description\":\"Gardez l&#039;oeil sur vos affaires\",\"publisher\":{\"@id\":\"https:\/\/www.aleop.ca\/#organization\"},\"potentialAction\":[{\"@type\":\"SearchAction\",\"target\":{\"@type\":\"EntryPoint\",\"urlTemplate\":\"https:\/\/www.aleop.ca\/?s={search_term_string}\"},\"query-input\":{\"@type\":\"PropertyValueSpecification\",\"valueRequired\":true,\"valueName\":\"search_term_string\"}}],\"inLanguage\":\"en-CA\"},{\"@type\":\"Organization\",\"@id\":\"https:\/\/www.aleop.ca\/#organization\",\"name\":\"Aleop\",\"url\":\"https:\/\/www.aleop.ca\/\",\"logo\":{\"@type\":\"ImageObject\",\"inLanguage\":\"en-CA\",\"@id\":\"https:\/\/www.aleop.ca\/#\/schema\/logo\/image\/\",\"url\":\"https:\/\/eshzmn8si6u.exactdn.com\/wp-content\/uploads\/2021\/11\/aleop-logo-MD.png?lossy=1&ssl=1\",\"contentUrl\":\"https:\/\/eshzmn8si6u.exactdn.com\/wp-content\/uploads\/2021\/11\/aleop-logo-MD.png?lossy=1&ssl=1\",\"width\":784,\"height\":338,\"caption\":\"Aleop\"},\"image\":{\"@id\":\"https:\/\/www.aleop.ca\/#\/schema\/logo\/image\/\"},\"sameAs\":[\"https:\/\/www.facebook.com\/SolutionAleop\/\",\"https:\/\/www.linkedin.com\/company\/aleop\/?originalSubdomain=ca\",\"https:\/\/www.youtube.com\/channel\/UCa1Cq6ufhSLgAE1f8VsYWwA\"]}]}<\/script>\n<!-- \/ Yoast SEO plugin. -->","yoast_head_json":{"title":"\u00c0 propos de nous et notre mission &#8226; Aleop","description":"We help businesses make better decisions by providing real-time management information about their finances.","robots":{"index":"index","follow":"follow","max-snippet":"max-snippet:-1","max-image-preview":"max-image-preview:large","max-video-preview":"max-video-preview:-1"},"canonical":"https:\/\/www.aleop.ca\/en\/about\/","og_locale":"en_US","og_type":"article","og_title":"\u00c0 propos de nous et notre mission &#8226; Aleop","og_description":"Nous aidons les PME \u00e0 prendre de meilleures d\u00e9cisions en leur fournissant de l'information de gestion en temps r\u00e9el sur leurs finances.","og_url":"https:\/\/www.aleop.ca\/en\/about\/","og_site_name":"Aleop","article_publisher":"https:\/\/www.facebook.com\/SolutionAleop\/","article_modified_time":"2025-06-10T18:16:52+00:00","og_image":[{"width":2560,"height":1440,"url":"https:\/\/eshzmn8si6u.exactdn.com\/wp-content\/uploads\/2022\/03\/aleop-og-01-scaled.jpg?lossy=1&ssl=1","type":"image\/jpeg"}],"twitter_card":"summary_large_image","twitter_misc":{"Est. reading time":"6 minutes"},"schema":{"@context":"https:\/\/schema.org","@graph":[{"@type":"WebPage","@id":"https:\/\/www.aleop.ca\/a-propos\/","url":"https:\/\/www.aleop.ca\/a-propos\/","name":"\u00c0 propos de nous et notre mission &#8226; Aleop","isPartOf":{"@id":"https:\/\/www.aleop.ca\/#website"},"datePublished":"2022-01-28T01:30:41+00:00","dateModified":"2025-06-10T18:16:52+00:00","description":"We help businesses make better decisions by providing real-time management information about their finances.","breadcrumb":{"@id":"https:\/\/www.aleop.ca\/a-propos\/#breadcrumb"},"inLanguage":"en-CA","potentialAction":[{"@type":"ReadAction","target":["https:\/\/www.aleop.ca\/a-propos\/"]}]},{"@type":"BreadcrumbList","@id":"https:\/\/www.aleop.ca\/a-propos\/#breadcrumb","itemListElement":[{"@type":"ListItem","position":1,"name":"Aleop","item":"https:\/\/www.aleop.ca\/"},{"@type":"ListItem","position":2,"name":"\u00c0 propos"}]},{"@type":"WebSite","@id":"https:\/\/www.aleop.ca\/#website","url":"https:\/\/www.aleop.ca\/","name":"Aleop","description":"Gardez l&#039;oeil sur vos affaires","publisher":{"@id":"https:\/\/www.aleop.ca\/#organization"},"potentialAction":[{"@type":"SearchAction","target":{"@type":"EntryPoint","urlTemplate":"https:\/\/www.aleop.ca\/?s={search_term_string}"},"query-input":{"@type":"PropertyValueSpecification","valueRequired":true,"valueName":"search_term_string"}}],"inLanguage":"en-CA"},{"@type":"Organization","@id":"https:\/\/www.aleop.ca\/#organization","name":"Aleop","url":"https:\/\/www.aleop.ca\/","logo":{"@type":"ImageObject","inLanguage":"en-CA","@id":"https:\/\/www.aleop.ca\/#\/schema\/logo\/image\/","url":"https:\/\/eshzmn8si6u.exactdn.com\/wp-content\/uploads\/2021\/11\/aleop-logo-MD.png?lossy=1&ssl=1","contentUrl":"https:\/\/eshzmn8si6u.exactdn.com\/wp-content\/uploads\/2021\/11\/aleop-logo-MD.png?lossy=1&ssl=1","width":784,"height":338,"caption":"Aleop"},"image":{"@id":"https:\/\/www.aleop.ca\/#\/schema\/logo\/image\/"},"sameAs":["https:\/\/www.facebook.com\/SolutionAleop\/","https:\/\/www.linkedin.com\/company\/aleop\/?originalSubdomain=ca","https:\/\/www.youtube.com\/channel\/UCa1Cq6ufhSLgAE1f8VsYWwA"]}]}},"_links":{"self":[{"href":"https:\/\/www.aleop.ca\/en\/wp-json\/wp\/v2\/pages\/48","targetHints":{"allow":["GET"]}}],"collection":[{"href":"https:\/\/www.aleop.ca\/en\/wp-json\/wp\/v2\/pages"}],"about":[{"href":"https:\/\/www.aleop.ca\/en\/wp-json\/wp\/v2\/types\/page"}],"author":[{"embeddable":true,"href":"https:\/\/www.aleop.ca\/en\/wp-json\/wp\/v2\/users\/1"}],"replies":[{"embeddable":true,"href":"https:\/\/www.aleop.ca\/en\/wp-json\/wp\/v2\/comments?post=48"}],"version-history":[{"count":28,"href":"https:\/\/www.aleop.ca\/en\/wp-json\/wp\/v2\/pages\/48\/revisions"}],"predecessor-version":[{"id":3864,"href":"https:\/\/www.aleop.ca\/en\/wp-json\/wp\/v2\/pages\/48\/revisions\/3864"}],"wp:attachment":[{"href":"https:\/\/www.aleop.ca\/en\/wp-json\/wp\/v2\/media?parent=48"}],"wp:term":[{"taxonomy":"page_type","embeddable":true,"href":"https:\/\/www.aleop.ca\/en\/wp-json\/wp\/v2\/page_type?post=48"}],"curies":[{"name":"wp","href":"https:\/\/api.w.org\/{rel}","templated":true}]}}