{"id":43,"date":"2022-01-27T20:30:41","date_gmt":"2022-01-28T01:30:41","guid":{"rendered":"https:\/\/www.aleop.ca\/index.php\/fonctionnalites\/"},"modified":"2025-03-20T15:57:39","modified_gmt":"2025-03-20T19:57:39","slug":"features","status":"publish","type":"page","link":"https:\/\/www.aleop.ca\/en\/features\/","title":{"rendered":"Features"},"content":{"rendered":"<section id=\"features-header\" class=\"ct-section a-center\" ><div class=\"ct-section-inner-wrap\"><div id=\"div_block-4-2231\" class=\"ct-div-block a-center a-gap-l a-padding-l\" ><div id=\"div_block-9-2231\" class=\"ct-div-block a-row a-max-width-40 a-items-middle\" ><div id=\"div_block-22-2231\" class=\"ct-div-block a-padding-l\" ><img decoding=\"async\"  id=\"feature-image-1\" alt=\"Homme souriant avec les bras crois\u00e9s assis \u00e0 son bureau\" src=\"https:\/\/eshzmn8si6u.exactdn.com\/wp-content\/uploads\/2022\/04\/aleop-home-header-2.jpg?lossy=1&w=1366&ssl=1\" class=\"ct-image a-classic-img a-aspect-1 a-fit-cover left skip-lazy\"\/><\/div><div id=\"div_block-21-2231\" class=\"ct-div-block a-padding-l\" ><img decoding=\"async\"  id=\"feature-image-2\" alt=\"\" src=\"https:\/\/eshzmn8si6u.exactdn.com\/wp-content\/uploads\/2022\/04\/aleop-home-header-1.jpg?lossy=1&w=1366&ssl=1\" class=\"ct-image a-classic-img a-aspect-1 a-fit-cover right small skip-lazy\"\/><\/div><\/div><div id=\"div_block-5-2231\" class=\"ct-div-block a-center a-gap-s a-z-10 a-max-width-34\" ><h1 id=\"features-pagetitle\" class=\"ct-headline a-page-title\">Features\n<\/h1><h1 id=\"features-headline\" class=\"ct-headline a-text-2xl a-line-height-xl\">Automate your accounting data entry and analyze your results in real time\n<\/h1><div id=\"text_block-17-2231\" class=\"ct-text-block a-padding-horizontal-l\" >Optimize the selection, filling, sharing, and use of your company\u2019s data with Aleop. Put an end to time consuming and repetitive tasks. Make better business decisions today with a real-time overview of your company.<\/div><\/div><\/div><\/div><\/section>\n\n<section id=\"features\" class=\"ct-section a-padding-l a-center\" ><div class=\"ct-section-inner-wrap\"><div id=\"video-features\" class=\"ct-code-block a-column a-gap-4xl a-text-left gutenhide a-z-1 a-max-width-60\"  guten-info=\"Fonctionnalit\u00e9s principales\"><div class=\"feature a-columns-5 a-column--on-l a-gap-xl a-padding\"><div class=\"video a-col-span-2 a-col-span-1--on-l\"><video autoplay muted loop playsinline preload=\"none\"><source src=\"https:\/\/www.aleop.ca\/wp-content\/uploads\/2023\/11\/Numeriseur_EN.mp4\" type=\"video\/mp4\"><\/video><\/div><div class=\"info a-col-span-3 a-col-span-1--on-l a-flex-column a-max-width-30 a-content-center a-text-center--on-l\"><h2 class=\"a-text-xl\">Automation of accounting data entry<\/h2><p class=\"a-text-s\">Aleop connects with your accounting system and converts all collected data into a complete ledger entry. All to make your life easier and more efficient.<\/p><a href=\"https:\/\/www.aleop.ca\/en\/features\/automation\/\" class=\"a-btn-s\">Learn more<\/a><\/div><\/div><div class=\"feature a-columns-5 a-column--on-l a-gap-xl a-padding\"><div class=\"info a-col-span-3 a-col-span-1--on-l a-flex-column a-max-width-30 a-content-center a-text-center--on-l\"><h2 class=\"a-text-xl\">Secure document filing &amp; intelligent search<\/h2><p class=\"a-text-s\">No more boxes full of bills. Your documents are automatically sorted by financial year and supplier through a secure filing feature that is accessible from anywhere. This intelligent search tool allows you to retrieve any document within seconds.<\/p><a href=\"https:\/\/www.aleop.ca\/en\/features\/document-search\/\" class=\"a-btn-s\">Learn more<\/a><\/div><div class=\"video a-col-span-2 a-col-span-1--on-l\"><video autoplay muted loop playsinline preload=\"none\"><source src=\"https:\/\/www.aleop.ca\/wp-content\/uploads\/2023\/11\/Recherche_EN.mp4\" type=\"video\/mp4\"><\/video><\/div><\/div><div class=\"feature a-columns-5 a-column--on-l a-gap-xl a-padding\"><div class=\"video a-col-span-2 a-col-span-1--on-l\"><video autoplay muted loop playsinline preload=\"none\"><source src=\"https:\/\/www.aleop.ca\/wp-content\/uploads\/2023\/11\/Indicateurs.mp4\" type=\"video\/mp4\"><\/video><\/div><div class=\"info a-col-span-3 a-col-span-1--on-l a-flex-column a-max-width-30 a-content-center a-text-center--on-l\"><h2 class=\"a-text-xl\">Financial indicators<\/h2><p class=\"a-text-s\">Base your decisions on your data and not intuition. Aleop\u2019s dashboard offers you a clear real-time picture of your finances in the blink of an eye. It is you who chooses the indicators that are most relevant to your business.<\/p><a href=\"https:\/\/www.aleop.ca\/en\/features\/financial-indicators\/\" class=\"a-btn-s\">Learn more<\/a><\/div><\/div><\/div><\/div><\/section>\n\n<section id=\"cta-section\" class=\"ct-section a-padding-l a-center block\" ><div class=\"ct-section-inner-wrap\"><div id=\"div_block-6-2260\" class=\"ct-div-block centered a-cta-wrapper\"  color=\"blue\"><div id=\"circle\" class=\"ct-div-block circle\" ><\/div><h1 id=\"headline-8-2260\" class=\"ct-headline a-max-width-40 a-text-4xl a-z-10 line-height-xl a-line-height-l\">Automate your business accounting<\/h1><a id=\"link_text-9-2260\" class=\"ct-link-text a-btn a-z-10\" href=\"https:\/\/www.aleop.ca\/en\/get-started\/\"   >Free demo<\/a><\/div><\/div><\/section>","protected":false},"excerpt":{"rendered":"","protected":false},"author":1,"featured_media":0,"parent":0,"menu_order":0,"comment_status":"closed","ping_status":"closed","template":"","meta":{"_acf_changed":false,"footnotes":""},"page_type":[],"class_list":["post-43","page","type-page","status-publish","hentry"],"blocksy_meta":[],"acf":[],"yoast_head":"<!-- This site is optimized with the Yoast SEO plugin v27.2 - https:\/\/yoast.com\/product\/yoast-seo-wordpress\/ -->\n<title>Fonctionnalit\u00e9s d&#039;Aleop \u2022 Automatisez votre saisie comptable<\/title>\n<meta name=\"description\" content=\"Automatisez la saisie des donn\u00e9es comptables et simplifiez votre comptabilit\u00e9. Optimisez le classement, le partage et l\u2019analyse des r\u00e9sultats\" \/>\n<meta name=\"robots\" content=\"index, follow, max-snippet:-1, max-image-preview:large, max-video-preview:-1\" \/>\n<link rel=\"canonical\" href=\"https:\/\/www.aleop.ca\/en\/features\/\" \/>\n<meta property=\"og:locale\" content=\"en_US\" \/>\n<meta property=\"og:type\" content=\"article\" \/>\n<meta property=\"og:title\" content=\"Fonctionnalit\u00e9s\" \/>\n<meta property=\"og:description\" content=\"Automatisez la saisie des donn\u00e9es comptables et simplifiez votre comptabilit\u00e9. Optimisez le classement, le partage et l\u2019analyse des r\u00e9sultats\" \/>\n<meta property=\"og:url\" content=\"https:\/\/www.aleop.ca\/en\/features\/\" \/>\n<meta property=\"og:site_name\" content=\"Aleop\" \/>\n<meta property=\"article:publisher\" content=\"https:\/\/www.facebook.com\/SolutionAleop\/\" \/>\n<meta property=\"article:modified_time\" content=\"2025-03-20T19:57:39+00:00\" \/>\n<meta property=\"og:image\" content=\"https:\/\/www.aleop.ca\/wp-content\/uploads\/2022\/04\/meta-images_fonctionnalites-fr.jpg\" \/>\n\t<meta property=\"og:image:width\" content=\"1200\" \/>\n\t<meta property=\"og:image:height\" content=\"631\" \/>\n\t<meta property=\"og:image:type\" content=\"image\/jpeg\" \/>\n<meta name=\"twitter:card\" content=\"summary_large_image\" \/>\n<script type=\"application\/ld+json\" class=\"yoast-schema-graph\">{\"@context\":\"https:\/\/schema.org\",\"@graph\":[{\"@type\":\"WebPage\",\"@id\":\"https:\/\/www.aleop.ca\/fonctionnalites\/\",\"url\":\"https:\/\/www.aleop.ca\/fonctionnalites\/\",\"name\":\"Fonctionnalit\u00e9s d'Aleop \u2022 Automatisez votre saisie comptable\",\"isPartOf\":{\"@id\":\"https:\/\/www.aleop.ca\/#website\"},\"datePublished\":\"2022-01-28T01:30:41+00:00\",\"dateModified\":\"2025-03-20T19:57:39+00:00\",\"description\":\"Automatisez la saisie des donn\u00e9es comptables et simplifiez votre comptabilit\u00e9. Optimisez le classement, le partage et l\u2019analyse des r\u00e9sultats\",\"breadcrumb\":{\"@id\":\"https:\/\/www.aleop.ca\/fonctionnalites\/#breadcrumb\"},\"inLanguage\":\"en-CA\",\"potentialAction\":[{\"@type\":\"ReadAction\",\"target\":[\"https:\/\/www.aleop.ca\/fonctionnalites\/\"]}]},{\"@type\":\"BreadcrumbList\",\"@id\":\"https:\/\/www.aleop.ca\/fonctionnalites\/#breadcrumb\",\"itemListElement\":[{\"@type\":\"ListItem\",\"position\":1,\"name\":\"Aleop\",\"item\":\"https:\/\/www.aleop.ca\/\"},{\"@type\":\"ListItem\",\"position\":2,\"name\":\"Fonctionnalit\u00e9s\"}]},{\"@type\":\"WebSite\",\"@id\":\"https:\/\/www.aleop.ca\/#website\",\"url\":\"https:\/\/www.aleop.ca\/\",\"name\":\"Aleop\",\"description\":\"Gardez l&#039;oeil sur vos affaires\",\"publisher\":{\"@id\":\"https:\/\/www.aleop.ca\/#organization\"},\"potentialAction\":[{\"@type\":\"SearchAction\",\"target\":{\"@type\":\"EntryPoint\",\"urlTemplate\":\"https:\/\/www.aleop.ca\/?s={search_term_string}\"},\"query-input\":{\"@type\":\"PropertyValueSpecification\",\"valueRequired\":true,\"valueName\":\"search_term_string\"}}],\"inLanguage\":\"en-CA\"},{\"@type\":\"Organization\",\"@id\":\"https:\/\/www.aleop.ca\/#organization\",\"name\":\"Aleop\",\"url\":\"https:\/\/www.aleop.ca\/\",\"logo\":{\"@type\":\"ImageObject\",\"inLanguage\":\"en-CA\",\"@id\":\"https:\/\/www.aleop.ca\/#\/schema\/logo\/image\/\",\"url\":\"https:\/\/eshzmn8si6u.exactdn.com\/wp-content\/uploads\/2021\/11\/aleop-logo-MD.png?lossy=1&ssl=1\",\"contentUrl\":\"https:\/\/eshzmn8si6u.exactdn.com\/wp-content\/uploads\/2021\/11\/aleop-logo-MD.png?lossy=1&ssl=1\",\"width\":784,\"height\":338,\"caption\":\"Aleop\"},\"image\":{\"@id\":\"https:\/\/www.aleop.ca\/#\/schema\/logo\/image\/\"},\"sameAs\":[\"https:\/\/www.facebook.com\/SolutionAleop\/\",\"https:\/\/www.linkedin.com\/company\/aleop\/?originalSubdomain=ca\",\"https:\/\/www.youtube.com\/channel\/UCa1Cq6ufhSLgAE1f8VsYWwA\"]}]}<\/script>\n<!-- \/ Yoast SEO plugin. -->","yoast_head_json":{"title":"Fonctionnalit\u00e9s d'Aleop \u2022 Automatisez votre saisie comptable","description":"Automate the entry of accounting data and analyze your results in real-time. Optimize the selection, filling, sharing, and use of your company\u2019s data with Aleop.","robots":{"index":"index","follow":"follow","max-snippet":"max-snippet:-1","max-image-preview":"max-image-preview:large","max-video-preview":"max-video-preview:-1"},"canonical":"https:\/\/www.aleop.ca\/en\/features\/","og_locale":"en_US","og_type":"article","og_title":"Fonctionnalit\u00e9s","og_description":"Automatisez la saisie des donn\u00e9es comptables et simplifiez votre comptabilit\u00e9. Optimisez le classement, le partage et l\u2019analyse des r\u00e9sultats","og_url":"https:\/\/www.aleop.ca\/en\/features\/","og_site_name":"Aleop","article_publisher":"https:\/\/www.facebook.com\/SolutionAleop\/","article_modified_time":"2025-03-20T19:57:39+00:00","og_image":[{"width":1200,"height":631,"url":"https:\/\/www.aleop.ca\/wp-content\/uploads\/2022\/04\/meta-images_fonctionnalites-fr.jpg","type":"image\/jpeg"}],"twitter_card":"summary_large_image","schema":{"@context":"https:\/\/schema.org","@graph":[{"@type":"WebPage","@id":"https:\/\/www.aleop.ca\/fonctionnalites\/","url":"https:\/\/www.aleop.ca\/fonctionnalites\/","name":"Fonctionnalit\u00e9s d'Aleop \u2022 Automatisez votre saisie comptable","isPartOf":{"@id":"https:\/\/www.aleop.ca\/#website"},"datePublished":"2022-01-28T01:30:41+00:00","dateModified":"2025-03-20T19:57:39+00:00","description":"Automate the entry of accounting data and analyze your results in real-time. Optimize the selection, filling, sharing, and use of your company\u2019s data with Aleop.","breadcrumb":{"@id":"https:\/\/www.aleop.ca\/fonctionnalites\/#breadcrumb"},"inLanguage":"en-CA","potentialAction":[{"@type":"ReadAction","target":["https:\/\/www.aleop.ca\/fonctionnalites\/"]}]},{"@type":"BreadcrumbList","@id":"https:\/\/www.aleop.ca\/fonctionnalites\/#breadcrumb","itemListElement":[{"@type":"ListItem","position":1,"name":"Aleop","item":"https:\/\/www.aleop.ca\/"},{"@type":"ListItem","position":2,"name":"Fonctionnalit\u00e9s"}]},{"@type":"WebSite","@id":"https:\/\/www.aleop.ca\/#website","url":"https:\/\/www.aleop.ca\/","name":"Aleop","description":"Gardez l&#039;oeil sur vos affaires","publisher":{"@id":"https:\/\/www.aleop.ca\/#organization"},"potentialAction":[{"@type":"SearchAction","target":{"@type":"EntryPoint","urlTemplate":"https:\/\/www.aleop.ca\/?s={search_term_string}"},"query-input":{"@type":"PropertyValueSpecification","valueRequired":true,"valueName":"search_term_string"}}],"inLanguage":"en-CA"},{"@type":"Organization","@id":"https:\/\/www.aleop.ca\/#organization","name":"Aleop","url":"https:\/\/www.aleop.ca\/","logo":{"@type":"ImageObject","inLanguage":"en-CA","@id":"https:\/\/www.aleop.ca\/#\/schema\/logo\/image\/","url":"https:\/\/eshzmn8si6u.exactdn.com\/wp-content\/uploads\/2021\/11\/aleop-logo-MD.png?lossy=1&ssl=1","contentUrl":"https:\/\/eshzmn8si6u.exactdn.com\/wp-content\/uploads\/2021\/11\/aleop-logo-MD.png?lossy=1&ssl=1","width":784,"height":338,"caption":"Aleop"},"image":{"@id":"https:\/\/www.aleop.ca\/#\/schema\/logo\/image\/"},"sameAs":["https:\/\/www.facebook.com\/SolutionAleop\/","https:\/\/www.linkedin.com\/company\/aleop\/?originalSubdomain=ca","https:\/\/www.youtube.com\/channel\/UCa1Cq6ufhSLgAE1f8VsYWwA"]}]}},"_links":{"self":[{"href":"https:\/\/www.aleop.ca\/en\/wp-json\/wp\/v2\/pages\/43","targetHints":{"allow":["GET"]}}],"collection":[{"href":"https:\/\/www.aleop.ca\/en\/wp-json\/wp\/v2\/pages"}],"about":[{"href":"https:\/\/www.aleop.ca\/en\/wp-json\/wp\/v2\/types\/page"}],"author":[{"embeddable":true,"href":"https:\/\/www.aleop.ca\/en\/wp-json\/wp\/v2\/users\/1"}],"replies":[{"embeddable":true,"href":"https:\/\/www.aleop.ca\/en\/wp-json\/wp\/v2\/comments?post=43"}],"version-history":[{"count":15,"href":"https:\/\/www.aleop.ca\/en\/wp-json\/wp\/v2\/pages\/43\/revisions"}],"predecessor-version":[{"id":3719,"href":"https:\/\/www.aleop.ca\/en\/wp-json\/wp\/v2\/pages\/43\/revisions\/3719"}],"wp:attachment":[{"href":"https:\/\/www.aleop.ca\/en\/wp-json\/wp\/v2\/media?parent=43"}],"wp:term":[{"taxonomy":"page_type","embeddable":true,"href":"https:\/\/www.aleop.ca\/en\/wp-json\/wp\/v2\/page_type?post=43"}],"curies":[{"name":"wp","href":"https:\/\/api.w.org\/{rel}","templated":true}]}}