{"id":34,"date":"2021-11-15T15:41:50","date_gmt":"2021-11-15T20:41:50","guid":{"rendered":"https:\/\/www.aleop.ca\/?page_id=34"},"modified":"2025-11-21T14:55:10","modified_gmt":"2025-11-21T19:55:10","slug":"pricing","status":"publish","type":"page","link":"https:\/\/www.aleop.ca\/en\/pricing\/","title":{"rendered":"Pricing"},"content":{"rendered":"<section id=\"packages\" class=\"ct-section a-padding-l a-center block a-full-width\" ><div class=\"ct-section-inner-wrap\"><div id=\"div_block-12-2189\" class=\"ct-div-block a-gap-xl a-center a-full-width a-padding-horizontal-xl\" ><div id=\"h1-wrapper\" class=\"ct-div-block a-z-10 a-flex-column a-gap-xs a-items-middle\" ><h1 id=\"headline-46-2189\" class=\"ct-headline\">Simple &amp; flexible<div><span style=\"font-weight: normal;\">rates<\/span><\/div><\/h1><\/div><div id=\"calculator\" class=\"ct-code-block gutenhide a-z-10 a-full-width a-max-width-40 a-padding-m a-flex-column\"  guten-info=\"Calculatrice\">\n<div>How many invoices do you have monthly?\n(Sent and received)<\/div>\n\n<input type=\"range\" id=\"slider\" name=\"slider\" min=\"5\" max=\"100\" value=\"5\"  style=\"width: 100%;\" oninput=\"this.nextElementSibling.value = this.value\">\n\n<div class=\"a-flex-row a-space-between a-gap-m a-flex-wrap\">\n  <div>\n    <input id=\"invoice-count\" value=\"5\" min=\"5\" max=\"240\" type=\"number\">\n    <span> invoices \/ month<\/span>\n  <\/div>\n  <span class=\"approx-ocr\"><span id=\"approx-ocr\">63<\/span> OCR licences<\/span>\n<\/div>\n<\/div><div id=\"plans-wrapper\" class=\"ct-div-block swiper a-full-width\" ><div id=\"plans\" class=\"ct-code-block gutenhide a-z-10 a-relative swiper-wrapper a-full-width\"  guten-info=\"Forfaits\"><div class=\"a-plan-wrapper swiper-slide\" data-ocr=\"200\" data-index=\"0\"><div class=\"a-plan\"><div><div class=\"recommended-text\">Recommended<\/div><div class=\"\"><h3 class=\"a-text-l\">Basic<\/h3><\/div><div class=\"tooltip-wrapper\"><p class=\"ocr-licences\">Up to <span>200<\/span> documents\/invoices<\/p><\/div><\/div><div class=\"a-plan-price\">$<span>595<\/span><sub>\/year<\/sub><\/div><a class=\"a-btn in-plan\" href=\"\/en\/get-started\/?forfait=De Base\">Free demo<\/a><div class=\"a-text-left\"><div class=\"plan-list light-text\"><div class=\"a-plan-checkmark\" style=\"mask-image:url(\/wp-content\/uploads\/2022\/08\/checkmark.svg);-webkit-mask-image:url(\/wp-content\/uploads\/2022\/08\/checkmark.svg);\"><\/div><span>2 users<\/span><\/div><div class=\"plan-list light-text\"><div class=\"a-plan-checkmark\" style=\"mask-image:url(\/wp-content\/uploads\/2022\/08\/checkmark.svg);-webkit-mask-image:url(\/wp-content\/uploads\/2022\/08\/checkmark.svg);\"><\/div><span>Search by keywords<\/span><\/div><div class=\"plan-list light-text\"><div class=\"a-plan-checkmark\" style=\"mask-image:url(\/wp-content\/uploads\/2022\/08\/checkmark.svg);-webkit-mask-image:url(\/wp-content\/uploads\/2022\/08\/checkmark.svg);\"><\/div><span>Secured cloud<\/span><\/div><div class=\"plan-list light-text\"><div class=\"a-plan-checkmark\" style=\"mask-image:url(\/wp-content\/uploads\/2022\/08\/checkmark.svg);-webkit-mask-image:url(\/wp-content\/uploads\/2022\/08\/checkmark.svg);\"><\/div><span>Dashboard with 7 financial indicators<\/span><\/div><div class=\"plan-list light-text\"><div class=\"a-plan-checkmark\" style=\"mask-image:url(\/wp-content\/uploads\/2022\/08\/checkmark.svg);-webkit-mask-image:url(\/wp-content\/uploads\/2022\/08\/checkmark.svg);\"><\/div><span>Synchronization with your accounting software<\/span><\/div><\/div><\/div><\/div><div class=\"a-plan-wrapper swiper-slide\" data-ocr=\"500\" data-index=\"1\"><div class=\"a-plan\"><div><div class=\"recommended-text\">Recommended<\/div><div class=\"\"><h3 class=\"a-text-l\">Standard<\/h3><\/div><div class=\"tooltip-wrapper\"><p class=\"ocr-licences\">Up to <span>500<\/span> documents\/invoices<\/p><\/div><\/div><div class=\"a-plan-price\">$<span>1195<\/span><sub>\/year<\/sub><\/div><a class=\"a-btn in-plan\" href=\"\/en\/get-started\/?forfait=Standard\">Free demo<\/a><div class=\"a-text-left\"><div class=\"plan-list light-text\"><div class=\"a-plan-checkmark\" style=\"mask-image:url(\/wp-content\/uploads\/2022\/08\/checkmark.svg);-webkit-mask-image:url(\/wp-content\/uploads\/2022\/08\/checkmark.svg);\"><\/div><span>2 users<\/span><\/div><div class=\"plan-list light-text\"><div class=\"a-plan-checkmark\" style=\"mask-image:url(\/wp-content\/uploads\/2022\/08\/checkmark.svg);-webkit-mask-image:url(\/wp-content\/uploads\/2022\/08\/checkmark.svg);\"><\/div><span>Search by keywords<\/span><\/div><div class=\"plan-list light-text\"><div class=\"a-plan-checkmark\" style=\"mask-image:url(\/wp-content\/uploads\/2022\/08\/checkmark.svg);-webkit-mask-image:url(\/wp-content\/uploads\/2022\/08\/checkmark.svg);\"><\/div><span>Secured cloud<\/span><\/div><div class=\"plan-list light-text\"><div class=\"a-plan-checkmark\" style=\"mask-image:url(\/wp-content\/uploads\/2022\/08\/checkmark.svg);-webkit-mask-image:url(\/wp-content\/uploads\/2022\/08\/checkmark.svg);\"><\/div><span>Dashboard with 7 financial indicators<\/span><\/div><div class=\"plan-list light-text\"><div class=\"a-plan-checkmark\" style=\"mask-image:url(\/wp-content\/uploads\/2022\/08\/checkmark.svg);-webkit-mask-image:url(\/wp-content\/uploads\/2022\/08\/checkmark.svg);\"><\/div><span>EDI<\/span><\/div><div class=\"plan-list light-text\"><div class=\"a-plan-checkmark\" style=\"mask-image:url(\/wp-content\/uploads\/2022\/08\/checkmark.svg);-webkit-mask-image:url(\/wp-content\/uploads\/2022\/08\/checkmark.svg);\"><\/div><span>Synchronization with your accounting software<\/span><\/div><\/div><\/div><\/div><div class=\"a-plan-wrapper swiper-slide\" data-ocr=\"1200\" data-index=\"2\"><div class=\"a-plan\"><div><div class=\"recommended-text\">Recommended<\/div><div class=\"\"><h3 class=\"a-text-l\">Ultimate<\/h3><\/div><div class=\"tooltip-wrapper\"><p class=\"ocr-licences\">Up to <span>1200<\/span> documents\/invoices<\/p><\/div><\/div><div class=\"a-plan-price\">$<span>1860<\/span><sub>\/year<\/sub><\/div><a class=\"a-btn in-plan\" href=\"\/en\/get-started\/?forfait=Ultime\">Free demo<\/a><div class=\"a-text-left\"><div class=\"plan-list light-text\"><div class=\"a-plan-checkmark\" style=\"mask-image:url(\/wp-content\/uploads\/2022\/08\/checkmark.svg);-webkit-mask-image:url(\/wp-content\/uploads\/2022\/08\/checkmark.svg);\"><\/div><span>2 users<\/span><\/div><div class=\"plan-list light-text\"><div class=\"a-plan-checkmark\" style=\"mask-image:url(\/wp-content\/uploads\/2022\/08\/checkmark.svg);-webkit-mask-image:url(\/wp-content\/uploads\/2022\/08\/checkmark.svg);\"><\/div><span>Search by keywords<\/span><\/div><div class=\"plan-list light-text\"><div class=\"a-plan-checkmark\" style=\"mask-image:url(\/wp-content\/uploads\/2022\/08\/checkmark.svg);-webkit-mask-image:url(\/wp-content\/uploads\/2022\/08\/checkmark.svg);\"><\/div><span>Secured cloud<\/span><\/div><div class=\"plan-list light-text\"><div class=\"a-plan-checkmark\" style=\"mask-image:url(\/wp-content\/uploads\/2022\/08\/checkmark.svg);-webkit-mask-image:url(\/wp-content\/uploads\/2022\/08\/checkmark.svg);\"><\/div><span>Dashboard with 7 financial indicators<\/span><\/div><div class=\"plan-list light-text\"><div class=\"a-plan-checkmark\" style=\"mask-image:url(\/wp-content\/uploads\/2022\/08\/checkmark.svg);-webkit-mask-image:url(\/wp-content\/uploads\/2022\/08\/checkmark.svg);\"><\/div><span>EDI<\/span><\/div><div class=\"plan-list light-text\"><div class=\"a-plan-checkmark\" style=\"mask-image:url(\/wp-content\/uploads\/2022\/08\/checkmark.svg);-webkit-mask-image:url(\/wp-content\/uploads\/2022\/08\/checkmark.svg);\"><\/div><span>Synchronization with your accounting software<\/span><\/div><\/div><\/div><\/div><div class=\"a-plan-wrapper a-tailored swiper-slide\" data-ocr=\"1250\" data-index=\"3\"><div class=\"a-plan\"><div><div class=\"recommended-text\">Recommended<\/div><div class=\"\"><h3 class=\"a-text-l\">Custom<\/h3><\/div><div class=\"tooltip-wrapper\"><div class=\"tooltip\"><a href=\"#section-ocr\">Qu'est-ce qu'une documents\/invoices?<\/a><\/div><p class=\"ocr-licences\"><span>1200+<\/span> documents\/invoices<\/p><\/div><\/div><a class=\"a-btn in-plan\" href=\"\/en\/get-started\/?forfait=Ultime\">Free demo<\/a><div class=\"price-bottom-row a-padding-m\"><div class=\"plan-list c-left\">Do you carry out a large volume of transactions, manage more than one business, or run an accounting firm?\nOur team will simplify your life with a package that makes sense to you.<\/div><\/div><\/div><\/div><\/div><div id=\"div_block-37-2189\" class=\"ct-div-block\" ><div id=\"text_block-38-2189\" class=\"ct-text-block a-text-xs a-text-dark-40 a-margin-top-m\" >*OCR licenses are extra \/ The subscription is valid for 12 months and payable in a single installment. However, if you exceed the number of licenses allowed by your plan before this period, you will need to renew your subscription. \/ Training and installation are not included.<\/div><\/div><\/div><div id=\"sur-mesure\" class=\"ct-div-block a-gap-2xs a-flex-column a-center\" ><div id=\"sur-mesure-txt\" class=\"ct-div-block a-flex-row a-gap-xs a-items-middle a-flex-wrap a-text-center--on-l\" ><div id=\"text_block-14-2189\" class=\"ct-text-block a-font-500\" >Do you have a large volume of accounting documents?<\/div><div id=\"div_block-20-2189\" class=\"ct-div-block a-flex-row a-gap-4xs a-flex-wrap a-text-center--on-l\" ><a id=\"link_text-22-2189\" class=\"ct-link-text a-text-dark a-underline\" href=\"https:\/\/www.aleop.ca\/en\/get-started\/\"   >Make an appointment<\/a><div id=\"text_block-18-2189\" class=\"ct-text-block\" >to discuss a tailor-made package!<\/div><\/div><div id=\"div_block-27-2189\" class=\"ct-div-block a-info-icon a-with-title\"  data-title=\"Un forfait b\u00e2tit en fonction du nombre de transactions que vous avez. B\u00e9n\u00e9ficiez de la technologie de reconnaissance de caract\u00e8re et \u00e9vitez la saisie manuelle de vos factures.\"><img decoding=\"async\"  id=\"image-35-2189\" alt=\"\" src=\"https:\/\/eshzmn8si6u.exactdn.com\/wp-content\/uploads\/2023\/12\/info-infornation.svg\" class=\"ct-image\"\/><div id=\"text_block-28-2189\" class=\"ct-text-block a-text-left\" >Do you carry out a large volume of transactions, manage more than one business, or run an accounting firm?\nOur team will simplify your life with a package that makes sense to you.<\/div><\/div><\/div><\/div><\/div><\/div><\/section>\n\n<section id=\"section-2-2374\" class=\"ct-section a-padding-l\" ><div class=\"ct-section-inner-wrap\"><div id=\"div_block-3-2374\" class=\"ct-div-block a-columns-4 a-height-100 a-column--on-l a-z-10 a-gap-xl\" ><div id=\"div_block-4-2374\" class=\"ct-div-block a-height-100 a-flex-column a-content-right a-text-center--on-l\" ><img decoding=\"async\"  id=\"image-5-2374\" alt=\"Femme souriante assise \u00e0 son bureau\" src=\"https:\/\/eshzmn8si6u.exactdn.com\/wp-content\/uploads\/2022\/03\/aleop-installation-2.jpg?lossy=1&w=1366&ssl=1\" class=\"ct-image a-aspect-1 a-fit-cover a-classic-img left\"\/><\/div><div id=\"div_block-6-2374\" class=\"ct-div-block a-col-span-2 a-center a-gap-l a-min-height-540\" ><div id=\"div_block-7-2374\" class=\"ct-div-block a-gap-s a-center a-max-width-30\" ><h1 id=\"headline-8-2374\" class=\"ct-headline a-text-2xl\">Installation<\/h1><div id=\"text_block-12-2374\" class=\"ct-text-block\" >An Aleop advisor will assist you with the set up upon joining. Rome wasn\u2019t built in a day, but we can assure you that after about 4 hours, everything will be set up and ready to go!\n\n<\/div><\/div><div id=\"div_block-14-2374\" class=\"ct-div-block a-flex-row a-items-middle a-gap-2xs\" ><h1 id=\"headline-15-2374\" class=\"ct-headline a-text-2xl\"><br><\/h1><h1 id=\"headline-18-2374\" class=\"ct-headline a-text-m\"><br><\/h1><\/div><\/div><div id=\"div_block-10-2374\" class=\"ct-div-block a-height-100 a-text-center--on-l a-flex-column\" ><img decoding=\"async\"  id=\"image-11-2374\" alt=\"\" src=\"https:\/\/eshzmn8si6u.exactdn.com\/wp-content\/uploads\/2022\/03\/aleop-installation-1.jpg?lossy=1&w=1366&ssl=1\" class=\"ct-image a-aspect-1 a-fit-cover a-classic-img right\"\/><\/div><\/div><\/div><\/section>\n\n<section id=\"section-ocr\" class=\"ct-section\" ><div class=\"ct-section-inner-wrap\"><div id=\"div_block-3-2333\" class=\"ct-div-block a-padding-xl\" ><div id=\"div_block-4-2333\" class=\"ct-div-block a-columns-2 a-column--on-l a-gap-xl a-z-10\" ><div id=\"div_block-5-2333\" class=\"ct-div-block a-self-middle a-gap-s a-text-center--on-l\" ><h1 id=\"headline-6-2333\" class=\"ct-headline a-text-xl a-max-width-30\">OCR licenses\n<\/h1><div id=\"text_block-7-2333\" class=\"ct-text-block a-max-width-30\" >Each time you scan or send by email a document, Aleop reads the data and converts it for you. You will require an OCR license for each scanned document so that the software recognizes each character.\n\n<\/div><\/div><div id=\"div_block-9-2333\" class=\"ct-div-block a-padding-l a-gap-s a-center\" ><h4 id=\"headline-11-2333\" class=\"ct-headline a-text-m\">Pricing<br><\/h4><div id=\"code_block-10-2333\" class=\"ct-code-block width-100 gutenhide\"  guten-info=\"Tarifications OCR\"><div class=\"ocr-row\"><p>200 OCR licences<\/p><p>$135<\/p><\/div><div class=\"ocr-row\"><p>500 OCR licences<\/p><p>$315<\/p><\/div><div class=\"ocr-row\"><p>1200 OCR licences<\/p><p>$745<\/p><\/div><div class=\"ocr-row\"><p>3000 OCR licences<\/p><p>$1860<\/p><\/div><\/div><\/div><\/div><\/div><\/div><\/section>\n\n<section id=\"cta-section\" class=\"ct-section a-padding-l a-center block\" ><div class=\"ct-section-inner-wrap\"><div id=\"div_block-6-2260\" class=\"ct-div-block centered a-cta-wrapper\"  color=\"blue\"><div id=\"circle\" class=\"ct-div-block circle\" ><\/div><h1 id=\"headline-8-2260\" class=\"ct-headline a-max-width-40 a-text-4xl a-z-10 line-height-xl a-line-height-l\">Automate your business accounting<\/h1><a id=\"link_text-9-2260\" class=\"ct-link-text a-btn a-z-10\" href=\"https:\/\/www.aleop.ca\/en\/get-started\/\"   >Free demo<\/a><\/div><\/div><\/section>\n\n<section id=\"help\" class=\"ct-section a-center block\" ><div class=\"ct-section-inner-wrap\"><div id=\"div_block-3-2452\" class=\"ct-div-block a-padding-xl a-full-width a-z-10\" ><div id=\"more-info-help\" class=\"ct-div-block a-bg-primary-5 a-full-width a-padding-l a-gap-xl a-items-middle a-radius-xl a-text-left a-text-center--on-l a-column--on-l a-columns-2\" ><div id=\"div_block-12-2452\" class=\"ct-div-block a-text-center--on-l\" ><div id=\"text_block-7-2452\" class=\"ct-text-block a-text-xl a-font-500\" >Need help ?\n<br><\/div><div id=\"text_block-13-2452\" class=\"ct-text-block a-max-width-30\" >Find answers to your questions on our FAQ page.\n\n<\/div><\/div><div id=\"div_block-9-2452\" class=\"ct-div-block a-flex-row a-gap-s a-text-center--on-l a-content-right\" ><a id=\"link_text-11-2452\" class=\"ct-link-text a-btn\" href=\"https:\/\/www.aleop.ca\/en\/faq\/\" target=\"_self\"  >View FAQ<\/a><a id=\"link_text-18-2452\" class=\"ct-link-text a-btn\" href=\"https:\/\/www.aleop.ca\/en\/contact-us\/?dep=soutien\" target=\"_self\"  >Technical support<\/a><\/div><\/div><\/div><div id=\"code_block-10-2452\" class=\"ct-code-block\" ><\/div><\/div><\/section>","protected":false},"excerpt":{"rendered":"","protected":false},"author":1,"featured_media":0,"parent":0,"menu_order":0,"comment_status":"closed","ping_status":"closed","template":"","meta":{"_acf_changed":false,"footnotes":""},"page_type":[],"class_list":["post-34","page","type-page","status-publish","hentry"],"blocksy_meta":[],"acf":[],"yoast_head":"<!-- This site is optimized with the Yoast SEO plugin v27.2 - https:\/\/yoast.com\/product\/yoast-seo-wordpress\/ -->\n<title>Explorer les forfaits et tarifs &#8226; Aleop<\/title>\n<meta name=\"description\" content=\"Aleop automatise la comptabilit\u00e9. D\u00e9couvrez nos forfaits flexibles qui s\u2019adaptent en fonction du nombre de transactions que vous effectuez.\" \/>\n<meta name=\"robots\" content=\"index, follow, max-snippet:-1, max-image-preview:large, max-video-preview:-1\" \/>\n<link rel=\"canonical\" href=\"https:\/\/www.aleop.ca\/en\/pricing\/\" \/>\n<meta property=\"og:locale\" content=\"en_US\" \/>\n<meta property=\"og:type\" content=\"article\" \/>\n<meta property=\"og:title\" content=\"Tarifs\" \/>\n<meta property=\"og:description\" content=\"Aleop automatise la comptabilit\u00e9. D\u00e9couvrez nos forfaits flexibles qui s\u2019adaptent en fonction du nombre de transactions que vous effectuez.\" \/>\n<meta property=\"og:url\" content=\"https:\/\/www.aleop.ca\/en\/pricing\/\" \/>\n<meta property=\"og:site_name\" content=\"Aleop\" \/>\n<meta property=\"article:publisher\" content=\"https:\/\/www.facebook.com\/SolutionAleop\/\" \/>\n<meta property=\"article:modified_time\" content=\"2025-11-21T19:55:10+00:00\" \/>\n<meta property=\"og:image\" content=\"https:\/\/www.aleop.ca\/wp-content\/uploads\/2022\/04\/meta-images_forfaits-fr.jpg\" \/>\n\t<meta property=\"og:image:width\" content=\"1200\" \/>\n\t<meta property=\"og:image:height\" content=\"630\" \/>\n\t<meta property=\"og:image:type\" content=\"image\/jpeg\" \/>\n<meta name=\"twitter:card\" content=\"summary_large_image\" \/>\n<meta name=\"twitter:title\" content=\"Tarifs\" \/>\n<meta name=\"twitter:image\" content=\"https:\/\/eshzmn8si6u.exactdn.com\/wp-content\/uploads\/2022\/04\/meta-images_forfaits-fr.jpg?lossy=1&ssl=1\" \/>\n<meta name=\"twitter:label1\" content=\"Est. reading time\" \/>\n\t<meta name=\"twitter:data1\" content=\"4 minutes\" \/>\n<script type=\"application\/ld+json\" class=\"yoast-schema-graph\">{\"@context\":\"https:\/\/schema.org\",\"@graph\":[{\"@type\":\"WebPage\",\"@id\":\"https:\/\/www.aleop.ca\/tarifs\/\",\"url\":\"https:\/\/www.aleop.ca\/tarifs\/\",\"name\":\"Explorer les forfaits et tarifs &#8226; Aleop\",\"isPartOf\":{\"@id\":\"https:\/\/www.aleop.ca\/#website\"},\"datePublished\":\"2021-11-15T20:41:50+00:00\",\"dateModified\":\"2025-11-21T19:55:10+00:00\",\"description\":\"Aleop automatise la comptabilit\u00e9. D\u00e9couvrez nos forfaits flexibles qui s\u2019adaptent en fonction du nombre de transactions que vous effectuez.\",\"breadcrumb\":{\"@id\":\"https:\/\/www.aleop.ca\/tarifs\/#breadcrumb\"},\"inLanguage\":\"en-CA\",\"potentialAction\":[{\"@type\":\"ReadAction\",\"target\":[\"https:\/\/www.aleop.ca\/tarifs\/\"]}]},{\"@type\":\"BreadcrumbList\",\"@id\":\"https:\/\/www.aleop.ca\/tarifs\/#breadcrumb\",\"itemListElement\":[{\"@type\":\"ListItem\",\"position\":1,\"name\":\"Aleop\",\"item\":\"https:\/\/www.aleop.ca\/\"},{\"@type\":\"ListItem\",\"position\":2,\"name\":\"Tarifs\"}]},{\"@type\":\"WebSite\",\"@id\":\"https:\/\/www.aleop.ca\/#website\",\"url\":\"https:\/\/www.aleop.ca\/\",\"name\":\"Aleop\",\"description\":\"Gardez l&#039;oeil sur vos affaires\",\"publisher\":{\"@id\":\"https:\/\/www.aleop.ca\/#organization\"},\"potentialAction\":[{\"@type\":\"SearchAction\",\"target\":{\"@type\":\"EntryPoint\",\"urlTemplate\":\"https:\/\/www.aleop.ca\/?s={search_term_string}\"},\"query-input\":{\"@type\":\"PropertyValueSpecification\",\"valueRequired\":true,\"valueName\":\"search_term_string\"}}],\"inLanguage\":\"en-CA\"},{\"@type\":\"Organization\",\"@id\":\"https:\/\/www.aleop.ca\/#organization\",\"name\":\"Aleop\",\"url\":\"https:\/\/www.aleop.ca\/\",\"logo\":{\"@type\":\"ImageObject\",\"inLanguage\":\"en-CA\",\"@id\":\"https:\/\/www.aleop.ca\/#\/schema\/logo\/image\/\",\"url\":\"https:\/\/eshzmn8si6u.exactdn.com\/wp-content\/uploads\/2021\/11\/aleop-logo-MD.png?lossy=1&ssl=1\",\"contentUrl\":\"https:\/\/eshzmn8si6u.exactdn.com\/wp-content\/uploads\/2021\/11\/aleop-logo-MD.png?lossy=1&ssl=1\",\"width\":784,\"height\":338,\"caption\":\"Aleop\"},\"image\":{\"@id\":\"https:\/\/www.aleop.ca\/#\/schema\/logo\/image\/\"},\"sameAs\":[\"https:\/\/www.facebook.com\/SolutionAleop\/\",\"https:\/\/www.linkedin.com\/company\/aleop\/?originalSubdomain=ca\",\"https:\/\/www.youtube.com\/channel\/UCa1Cq6ufhSLgAE1f8VsYWwA\"]}]}<\/script>\n<!-- \/ Yoast SEO plugin. -->","yoast_head_json":{"title":"Explorer les forfaits et tarifs &#8226; Aleop","description":"Choose the package that best meets your needs and those of your business. Our simple and flexible rates adapt to the amount of transactions you make.","robots":{"index":"index","follow":"follow","max-snippet":"max-snippet:-1","max-image-preview":"max-image-preview:large","max-video-preview":"max-video-preview:-1"},"canonical":"https:\/\/www.aleop.ca\/en\/pricing\/","og_locale":"en_US","og_type":"article","og_title":"Tarifs","og_description":"Aleop automatise la comptabilit\u00e9. D\u00e9couvrez nos forfaits flexibles qui s\u2019adaptent en fonction du nombre de transactions que vous effectuez.","og_url":"https:\/\/www.aleop.ca\/en\/pricing\/","og_site_name":"Aleop","article_publisher":"https:\/\/www.facebook.com\/SolutionAleop\/","article_modified_time":"2025-11-21T19:55:10+00:00","og_image":[{"width":1200,"height":630,"url":"https:\/\/www.aleop.ca\/wp-content\/uploads\/2022\/04\/meta-images_forfaits-fr.jpg","type":"image\/jpeg"}],"twitter_card":"summary_large_image","twitter_title":"Tarifs","twitter_image":"https:\/\/eshzmn8si6u.exactdn.com\/wp-content\/uploads\/2022\/04\/meta-images_forfaits-fr.jpg?lossy=1&ssl=1","twitter_misc":{"Est. reading time":"4 minutes"},"schema":{"@context":"https:\/\/schema.org","@graph":[{"@type":"WebPage","@id":"https:\/\/www.aleop.ca\/tarifs\/","url":"https:\/\/www.aleop.ca\/tarifs\/","name":"Explorer les forfaits et tarifs &#8226; Aleop","isPartOf":{"@id":"https:\/\/www.aleop.ca\/#website"},"datePublished":"2021-11-15T20:41:50+00:00","dateModified":"2025-11-21T19:55:10+00:00","description":"Choose the package that best meets your needs and those of your business. Our simple and flexible rates adapt to the amount of transactions you make.","breadcrumb":{"@id":"https:\/\/www.aleop.ca\/tarifs\/#breadcrumb"},"inLanguage":"en-CA","potentialAction":[{"@type":"ReadAction","target":["https:\/\/www.aleop.ca\/tarifs\/"]}]},{"@type":"BreadcrumbList","@id":"https:\/\/www.aleop.ca\/tarifs\/#breadcrumb","itemListElement":[{"@type":"ListItem","position":1,"name":"Aleop","item":"https:\/\/www.aleop.ca\/"},{"@type":"ListItem","position":2,"name":"Tarifs"}]},{"@type":"WebSite","@id":"https:\/\/www.aleop.ca\/#website","url":"https:\/\/www.aleop.ca\/","name":"Aleop","description":"Gardez l&#039;oeil sur vos affaires","publisher":{"@id":"https:\/\/www.aleop.ca\/#organization"},"potentialAction":[{"@type":"SearchAction","target":{"@type":"EntryPoint","urlTemplate":"https:\/\/www.aleop.ca\/?s={search_term_string}"},"query-input":{"@type":"PropertyValueSpecification","valueRequired":true,"valueName":"search_term_string"}}],"inLanguage":"en-CA"},{"@type":"Organization","@id":"https:\/\/www.aleop.ca\/#organization","name":"Aleop","url":"https:\/\/www.aleop.ca\/","logo":{"@type":"ImageObject","inLanguage":"en-CA","@id":"https:\/\/www.aleop.ca\/#\/schema\/logo\/image\/","url":"https:\/\/eshzmn8si6u.exactdn.com\/wp-content\/uploads\/2021\/11\/aleop-logo-MD.png?lossy=1&ssl=1","contentUrl":"https:\/\/eshzmn8si6u.exactdn.com\/wp-content\/uploads\/2021\/11\/aleop-logo-MD.png?lossy=1&ssl=1","width":784,"height":338,"caption":"Aleop"},"image":{"@id":"https:\/\/www.aleop.ca\/#\/schema\/logo\/image\/"},"sameAs":["https:\/\/www.facebook.com\/SolutionAleop\/","https:\/\/www.linkedin.com\/company\/aleop\/?originalSubdomain=ca","https:\/\/www.youtube.com\/channel\/UCa1Cq6ufhSLgAE1f8VsYWwA"]}]}},"_links":{"self":[{"href":"https:\/\/www.aleop.ca\/en\/wp-json\/wp\/v2\/pages\/34","targetHints":{"allow":["GET"]}}],"collection":[{"href":"https:\/\/www.aleop.ca\/en\/wp-json\/wp\/v2\/pages"}],"about":[{"href":"https:\/\/www.aleop.ca\/en\/wp-json\/wp\/v2\/types\/page"}],"author":[{"embeddable":true,"href":"https:\/\/www.aleop.ca\/en\/wp-json\/wp\/v2\/users\/1"}],"replies":[{"embeddable":true,"href":"https:\/\/www.aleop.ca\/en\/wp-json\/wp\/v2\/comments?post=34"}],"version-history":[{"count":35,"href":"https:\/\/www.aleop.ca\/en\/wp-json\/wp\/v2\/pages\/34\/revisions"}],"predecessor-version":[{"id":4541,"href":"https:\/\/www.aleop.ca\/en\/wp-json\/wp\/v2\/pages\/34\/revisions\/4541"}],"wp:attachment":[{"href":"https:\/\/www.aleop.ca\/en\/wp-json\/wp\/v2\/media?parent=34"}],"wp:term":[{"taxonomy":"page_type","embeddable":true,"href":"https:\/\/www.aleop.ca\/en\/wp-json\/wp\/v2\/page_type?post=34"}],"curies":[{"name":"wp","href":"https:\/\/api.w.org\/{rel}","templated":true}]}}