{"id":2338,"date":"2023-11-29T12:35:29","date_gmt":"2023-11-29T17:35:29","guid":{"rendered":"https:\/\/www.aleop.ca\/?page_id=2338"},"modified":"2025-03-20T15:05:51","modified_gmt":"2025-03-20T19:05:51","slug":"get-started","status":"publish","type":"page","link":"https:\/\/www.aleop.ca\/en\/get-started\/","title":{"rendered":"D\u00e9butez avec Aleop"},"content":{"rendered":"<section id=\"get-started\" class=\"ct-section a-full-width\" ><div class=\"ct-section-inner-wrap\"><div id=\"calendly-columns\" class=\"ct-div-block width-100 a-columns-5 a-column--on-l a-full-width a-padding-l\" ><div id=\"calendly-left\" class=\"ct-div-block a-padding-xl a-col-span-2 a-space-between a-flex-column a-z-10 a-col-span-1--on-l a-gap-2xl a-radius-xl a-height-100\" ><div id=\"code_block-18-2341\" class=\"ct-code-block a-flex-row a-space-between a-items-middle a-full-width guten-hide-full\" ><a href=\"\/en\/\" class=\"site-logo\"><img decoding=\"async\" src=\"https:\/\/eshzmn8si6u.exactdn.com\/wp-content\/uploads\/2021\/11\/aleop-logo-MD.png?lossy=1&w=1920&ssl=1\"><\/a><div class=\"lang-switchers\" data-no-translation><a class=\"lang-switcher fr_FR\" href=\"https:\/\/www.aleop.ca\/en\/wp-json\/wp\/v2\/pages\/2338\">fr<\/a><a class=\"lang-switcher en_CA\" href=\"https:\/\/www.aleop.ca\/en\/wp-json\/wp\/v2\/pages\/2338\">en<\/a><\/div><\/div><div id=\"div_block-14-2341\" class=\"ct-div-block a-gap-s a-self-center a-max-width-30 a-text-center--on-l\" ><h1 id=\"headline-7-2341\" class=\"ct-headline a-text-3xl\">Appointment\nfor an Aleop demo<\/h1><div id=\"text_block-12-2341\" class=\"ct-text-block\" >Please note that the appointment is done remotely and lasts a maximum of 60 minutes.<\/div><\/div><div id=\"code_block-20-2341\" class=\"ct-code-block hide-mobile guten-hide-full\" ><div class=\"footer-rights\">&copy; Aleop 2019-2026 |\u00a0<a href=\"https:\/\/www.aleop.ca\/en\/privacy-policy\/\">Privacy policy<\/a><\/div><\/div><\/div><div id=\"calendly-col\" class=\"ct-div-block a-padding-xl a-content-center a-flex-row a-col-span-3 a-col-span-1--on-l a-full-width\" ><div id=\"calendly-wrapper\" class=\"ct-code-block calendly-wrapper width-100 gutenhide\"  guten-info=\"Calendly\"><div class=\"calendly-inline-widget a-full-width\" data-url=\"https:\/\/calendly.com\/d\/cgr-496-7st\/free-demo-of-aleop?hide_event_type_details=1&hide_gdpr_banner=1\"><\/div>\n<!-- D\u00e9but de widget en ligne Calendly -->\n\n<script type=\"text\/javascript\" src=\"https:\/\/assets.calendly.com\/assets\/external\/widget.js\" async><\/script>\n<!-- Fin de widget en ligne Calendly --><\/div><\/div><\/div><\/div><\/section>","protected":false},"excerpt":{"rendered":"","protected":false},"author":1,"featured_media":0,"parent":0,"menu_order":0,"comment_status":"closed","ping_status":"closed","template":"","meta":{"_acf_changed":false,"footnotes":""},"page_type":[],"class_list":["post-2338","page","type-page","status-publish","hentry"],"acf":[],"yoast_head":"<!-- This site is optimized with the Yoast SEO plugin v27.2 - https:\/\/yoast.com\/product\/yoast-seo-wordpress\/ -->\n<title>Rendez-vous pour une d\u00e9mo &#8226; Aleop<\/title>\n<meta name=\"description\" content=\"Envie de d\u00e9couvrir les nombreux avantages de Aleop? Prenez rendez-vous pour une d\u00e9monstration gratuite avec notre \u00e9quipe.\" \/>\n<meta name=\"robots\" content=\"index, follow, max-snippet:-1, max-image-preview:large, max-video-preview:-1\" \/>\n<link rel=\"canonical\" href=\"https:\/\/www.aleop.ca\/en\/get-started\/\" \/>\n<meta property=\"og:locale\" content=\"en_US\" \/>\n<meta property=\"og:type\" content=\"article\" \/>\n<meta property=\"og:title\" content=\"Rendez-vous pour une d\u00e9mo &#8226; Aleop\" \/>\n<meta property=\"og:description\" content=\"Envie de d\u00e9couvrir les nombreux avantages de Aleop? Prenez rendez-vous pour une d\u00e9monstration gratuite avec notre \u00e9quipe.\" \/>\n<meta property=\"og:url\" content=\"https:\/\/www.aleop.ca\/en\/get-started\/\" \/>\n<meta property=\"og:site_name\" content=\"Aleop\" \/>\n<meta property=\"article:publisher\" content=\"https:\/\/www.facebook.com\/SolutionAleop\/\" \/>\n<meta property=\"article:modified_time\" content=\"2025-03-20T19:05:51+00:00\" \/>\n<meta property=\"og:image\" content=\"https:\/\/eshzmn8si6u.exactdn.com\/wp-content\/uploads\/2022\/03\/aleop-og-01-scaled.jpg?lossy=1&ssl=1\" \/>\n\t<meta property=\"og:image:width\" content=\"2560\" \/>\n\t<meta property=\"og:image:height\" content=\"1440\" \/>\n\t<meta property=\"og:image:type\" content=\"image\/jpeg\" \/>\n<meta name=\"twitter:card\" content=\"summary_large_image\" \/>\n<script type=\"application\/ld+json\" class=\"yoast-schema-graph\">{\"@context\":\"https:\/\/schema.org\",\"@graph\":[{\"@type\":\"WebPage\",\"@id\":\"https:\/\/www.aleop.ca\/debutez\/\",\"url\":\"https:\/\/www.aleop.ca\/debutez\/\",\"name\":\"Rendez-vous pour une d\u00e9mo &#8226; Aleop\",\"isPartOf\":{\"@id\":\"https:\/\/www.aleop.ca\/#website\"},\"datePublished\":\"2023-11-29T17:35:29+00:00\",\"dateModified\":\"2025-03-20T19:05:51+00:00\",\"description\":\"Envie de d\u00e9couvrir les nombreux avantages de Aleop? Prenez rendez-vous pour une d\u00e9monstration gratuite avec notre \u00e9quipe.\",\"breadcrumb\":{\"@id\":\"https:\/\/www.aleop.ca\/debutez\/#breadcrumb\"},\"inLanguage\":\"en-CA\",\"potentialAction\":[{\"@type\":\"ReadAction\",\"target\":[\"https:\/\/www.aleop.ca\/debutez\/\"]}]},{\"@type\":\"BreadcrumbList\",\"@id\":\"https:\/\/www.aleop.ca\/debutez\/#breadcrumb\",\"itemListElement\":[{\"@type\":\"ListItem\",\"position\":1,\"name\":\"Aleop\",\"item\":\"https:\/\/www.aleop.ca\/\"},{\"@type\":\"ListItem\",\"position\":2,\"name\":\"D\u00e9butez avec Aleop\"}]},{\"@type\":\"WebSite\",\"@id\":\"https:\/\/www.aleop.ca\/#website\",\"url\":\"https:\/\/www.aleop.ca\/\",\"name\":\"Aleop\",\"description\":\"Gardez l&#039;oeil sur vos affaires\",\"publisher\":{\"@id\":\"https:\/\/www.aleop.ca\/#organization\"},\"potentialAction\":[{\"@type\":\"SearchAction\",\"target\":{\"@type\":\"EntryPoint\",\"urlTemplate\":\"https:\/\/www.aleop.ca\/?s={search_term_string}\"},\"query-input\":{\"@type\":\"PropertyValueSpecification\",\"valueRequired\":true,\"valueName\":\"search_term_string\"}}],\"inLanguage\":\"en-CA\"},{\"@type\":\"Organization\",\"@id\":\"https:\/\/www.aleop.ca\/#organization\",\"name\":\"Aleop\",\"url\":\"https:\/\/www.aleop.ca\/\",\"logo\":{\"@type\":\"ImageObject\",\"inLanguage\":\"en-CA\",\"@id\":\"https:\/\/www.aleop.ca\/#\/schema\/logo\/image\/\",\"url\":\"https:\/\/eshzmn8si6u.exactdn.com\/wp-content\/uploads\/2021\/11\/aleop-logo-MD.png?lossy=1&ssl=1\",\"contentUrl\":\"https:\/\/eshzmn8si6u.exactdn.com\/wp-content\/uploads\/2021\/11\/aleop-logo-MD.png?lossy=1&ssl=1\",\"width\":784,\"height\":338,\"caption\":\"Aleop\"},\"image\":{\"@id\":\"https:\/\/www.aleop.ca\/#\/schema\/logo\/image\/\"},\"sameAs\":[\"https:\/\/www.facebook.com\/SolutionAleop\/\",\"https:\/\/www.linkedin.com\/company\/aleop\/?originalSubdomain=ca\",\"https:\/\/www.youtube.com\/channel\/UCa1Cq6ufhSLgAE1f8VsYWwA\"]}]}<\/script>\n<!-- \/ Yoast SEO plugin. -->","yoast_head_json":{"title":"Rendez-vous pour une d\u00e9mo &#8226; Aleop","description":"Want to discover the many advantages of Aleop? Make an appointment for a free demonstration with our team.","robots":{"index":"index","follow":"follow","max-snippet":"max-snippet:-1","max-image-preview":"max-image-preview:large","max-video-preview":"max-video-preview:-1"},"canonical":"https:\/\/www.aleop.ca\/en\/get-started\/","og_locale":"en_US","og_type":"article","og_title":"Rendez-vous pour une d\u00e9mo &#8226; Aleop","og_description":"Envie de d\u00e9couvrir les nombreux avantages de Aleop? Prenez rendez-vous pour une d\u00e9monstration gratuite avec notre \u00e9quipe.","og_url":"https:\/\/www.aleop.ca\/en\/get-started\/","og_site_name":"Aleop","article_publisher":"https:\/\/www.facebook.com\/SolutionAleop\/","article_modified_time":"2025-03-20T19:05:51+00:00","og_image":[{"width":2560,"height":1440,"url":"https:\/\/eshzmn8si6u.exactdn.com\/wp-content\/uploads\/2022\/03\/aleop-og-01-scaled.jpg?lossy=1&ssl=1","type":"image\/jpeg"}],"twitter_card":"summary_large_image","schema":{"@context":"https:\/\/schema.org","@graph":[{"@type":"WebPage","@id":"https:\/\/www.aleop.ca\/debutez\/","url":"https:\/\/www.aleop.ca\/debutez\/","name":"Rendez-vous pour une d\u00e9mo &#8226; Aleop","isPartOf":{"@id":"https:\/\/www.aleop.ca\/#website"},"datePublished":"2023-11-29T17:35:29+00:00","dateModified":"2025-03-20T19:05:51+00:00","description":"Want to discover the many advantages of Aleop? Make an appointment for a free demonstration with our team.","breadcrumb":{"@id":"https:\/\/www.aleop.ca\/debutez\/#breadcrumb"},"inLanguage":"en-CA","potentialAction":[{"@type":"ReadAction","target":["https:\/\/www.aleop.ca\/debutez\/"]}]},{"@type":"BreadcrumbList","@id":"https:\/\/www.aleop.ca\/debutez\/#breadcrumb","itemListElement":[{"@type":"ListItem","position":1,"name":"Aleop","item":"https:\/\/www.aleop.ca\/"},{"@type":"ListItem","position":2,"name":"D\u00e9butez avec Aleop"}]},{"@type":"WebSite","@id":"https:\/\/www.aleop.ca\/#website","url":"https:\/\/www.aleop.ca\/","name":"Aleop","description":"Gardez l&#039;oeil sur vos affaires","publisher":{"@id":"https:\/\/www.aleop.ca\/#organization"},"potentialAction":[{"@type":"SearchAction","target":{"@type":"EntryPoint","urlTemplate":"https:\/\/www.aleop.ca\/?s={search_term_string}"},"query-input":{"@type":"PropertyValueSpecification","valueRequired":true,"valueName":"search_term_string"}}],"inLanguage":"en-CA"},{"@type":"Organization","@id":"https:\/\/www.aleop.ca\/#organization","name":"Aleop","url":"https:\/\/www.aleop.ca\/","logo":{"@type":"ImageObject","inLanguage":"en-CA","@id":"https:\/\/www.aleop.ca\/#\/schema\/logo\/image\/","url":"https:\/\/eshzmn8si6u.exactdn.com\/wp-content\/uploads\/2021\/11\/aleop-logo-MD.png?lossy=1&ssl=1","contentUrl":"https:\/\/eshzmn8si6u.exactdn.com\/wp-content\/uploads\/2021\/11\/aleop-logo-MD.png?lossy=1&ssl=1","width":784,"height":338,"caption":"Aleop"},"image":{"@id":"https:\/\/www.aleop.ca\/#\/schema\/logo\/image\/"},"sameAs":["https:\/\/www.facebook.com\/SolutionAleop\/","https:\/\/www.linkedin.com\/company\/aleop\/?originalSubdomain=ca","https:\/\/www.youtube.com\/channel\/UCa1Cq6ufhSLgAE1f8VsYWwA"]}]}},"_links":{"self":[{"href":"https:\/\/www.aleop.ca\/en\/wp-json\/wp\/v2\/pages\/2338","targetHints":{"allow":["GET"]}}],"collection":[{"href":"https:\/\/www.aleop.ca\/en\/wp-json\/wp\/v2\/pages"}],"about":[{"href":"https:\/\/www.aleop.ca\/en\/wp-json\/wp\/v2\/types\/page"}],"author":[{"embeddable":true,"href":"https:\/\/www.aleop.ca\/en\/wp-json\/wp\/v2\/users\/1"}],"replies":[{"embeddable":true,"href":"https:\/\/www.aleop.ca\/en\/wp-json\/wp\/v2\/comments?post=2338"}],"version-history":[{"count":7,"href":"https:\/\/www.aleop.ca\/en\/wp-json\/wp\/v2\/pages\/2338\/revisions"}],"predecessor-version":[{"id":4771,"href":"https:\/\/www.aleop.ca\/en\/wp-json\/wp\/v2\/pages\/2338\/revisions\/4771"}],"wp:attachment":[{"href":"https:\/\/www.aleop.ca\/en\/wp-json\/wp\/v2\/media?parent=2338"}],"wp:term":[{"taxonomy":"page_type","embeddable":true,"href":"https:\/\/www.aleop.ca\/en\/wp-json\/wp\/v2\/page_type?post=2338"}],"curies":[{"name":"wp","href":"https:\/\/api.w.org\/{rel}","templated":true}]}}