{"id":1551,"date":"2022-10-18T15:38:19","date_gmt":"2022-10-18T19:38:19","guid":{"rendered":"https:\/\/www.aleop.ca\/?page_id=1551"},"modified":"2024-02-09T10:42:46","modified_gmt":"2024-02-09T15:42:46","slug":"desjardins","status":"publish","type":"page","link":"https:\/\/www.aleop.ca\/en\/desjardins\/","title":{"rendered":"Desjardins"},"content":{"rendered":"<p><\/p>","protected":false},"excerpt":{"rendered":"","protected":false},"author":1,"featured_media":0,"parent":0,"menu_order":0,"comment_status":"closed","ping_status":"closed","template":"","meta":{"_acf_changed":false,"footnotes":""},"page_type":[91],"class_list":["post-1551","page","type-page","status-publish","hentry","page_type-landing-page"],"blocksy_meta":[],"acf":[],"yoast_head":"<!-- This site is optimized with the Yoast SEO plugin v27.2 - https:\/\/yoast.com\/product\/yoast-seo-wordpress\/ -->\n<title>Desjardins &#8226; Aleop<\/title>\n<meta name=\"description\" content=\"Aleop x Desjardins : B\u00e9n\u00e9ficiez de l\u2019offre exclusive aux membres entreprises de Desjardins\" \/>\n<meta name=\"robots\" content=\"noindex, nofollow\" \/>\n<meta property=\"og:locale\" content=\"en_US\" \/>\n<meta property=\"og:type\" content=\"article\" \/>\n<meta property=\"og:title\" content=\"Aleop x Desjardins\" \/>\n<meta property=\"og:description\" content=\"Une solution num\u00e9rique pour simplifier la comptabilit\u00e9, la saisie de donn\u00e9es et le classement de vos documents.\" \/>\n<meta property=\"og:url\" content=\"https:\/\/www.aleop.ca\/en\/desjardins\/\" \/>\n<meta property=\"og:site_name\" content=\"Aleop\" \/>\n<meta property=\"article:publisher\" content=\"https:\/\/www.facebook.com\/SolutionAleop\/\" \/>\n<meta property=\"article:modified_time\" content=\"2024-02-09T15:42:46+00:00\" \/>\n<meta property=\"og:image\" content=\"https:\/\/www.aleop.ca\/wp-content\/uploads\/2022\/10\/Meta-Images_Desjardins-01.png\" \/>\n\t<meta property=\"og:image:width\" content=\"1200\" \/>\n\t<meta property=\"og:image:height\" content=\"630\" \/>\n\t<meta property=\"og:image:type\" content=\"image\/png\" \/>\n<meta name=\"twitter:card\" content=\"summary_large_image\" \/>\n<script type=\"application\/ld+json\" class=\"yoast-schema-graph\">{\"@context\":\"https:\/\/schema.org\",\"@graph\":[{\"@type\":\"WebPage\",\"@id\":\"https:\/\/www.aleop.ca\/desjardins\/\",\"url\":\"https:\/\/www.aleop.ca\/desjardins\/\",\"name\":\"Desjardins &#8226; Aleop\",\"isPartOf\":{\"@id\":\"https:\/\/www.aleop.ca\/#website\"},\"datePublished\":\"2022-10-18T19:38:19+00:00\",\"dateModified\":\"2024-02-09T15:42:46+00:00\",\"description\":\"Aleop x Desjardins : B\u00e9n\u00e9ficiez de l\u2019offre exclusive aux membres entreprises de Desjardins\",\"breadcrumb\":{\"@id\":\"https:\/\/www.aleop.ca\/desjardins\/#breadcrumb\"},\"inLanguage\":\"en-CA\",\"potentialAction\":[{\"@type\":\"ReadAction\",\"target\":[\"https:\/\/www.aleop.ca\/desjardins\/\"]}]},{\"@type\":\"BreadcrumbList\",\"@id\":\"https:\/\/www.aleop.ca\/desjardins\/#breadcrumb\",\"itemListElement\":[{\"@type\":\"ListItem\",\"position\":1,\"name\":\"Aleop\",\"item\":\"https:\/\/www.aleop.ca\/\"},{\"@type\":\"ListItem\",\"position\":2,\"name\":\"Desjardins\"}]},{\"@type\":\"WebSite\",\"@id\":\"https:\/\/www.aleop.ca\/#website\",\"url\":\"https:\/\/www.aleop.ca\/\",\"name\":\"Aleop\",\"description\":\"Gardez l&#039;oeil sur vos affaires\",\"publisher\":{\"@id\":\"https:\/\/www.aleop.ca\/#organization\"},\"potentialAction\":[{\"@type\":\"SearchAction\",\"target\":{\"@type\":\"EntryPoint\",\"urlTemplate\":\"https:\/\/www.aleop.ca\/?s={search_term_string}\"},\"query-input\":{\"@type\":\"PropertyValueSpecification\",\"valueRequired\":true,\"valueName\":\"search_term_string\"}}],\"inLanguage\":\"en-CA\"},{\"@type\":\"Organization\",\"@id\":\"https:\/\/www.aleop.ca\/#organization\",\"name\":\"Aleop\",\"url\":\"https:\/\/www.aleop.ca\/\",\"logo\":{\"@type\":\"ImageObject\",\"inLanguage\":\"en-CA\",\"@id\":\"https:\/\/www.aleop.ca\/#\/schema\/logo\/image\/\",\"url\":\"https:\/\/eshzmn8si6u.exactdn.com\/wp-content\/uploads\/2021\/11\/aleop-logo-MD.png?lossy=1&ssl=1\",\"contentUrl\":\"https:\/\/eshzmn8si6u.exactdn.com\/wp-content\/uploads\/2021\/11\/aleop-logo-MD.png?lossy=1&ssl=1\",\"width\":784,\"height\":338,\"caption\":\"Aleop\"},\"image\":{\"@id\":\"https:\/\/www.aleop.ca\/#\/schema\/logo\/image\/\"},\"sameAs\":[\"https:\/\/www.facebook.com\/SolutionAleop\/\",\"https:\/\/www.linkedin.com\/company\/aleop\/?originalSubdomain=ca\",\"https:\/\/www.youtube.com\/channel\/UCa1Cq6ufhSLgAE1f8VsYWwA\"]}]}<\/script>\n<!-- \/ Yoast SEO plugin. -->","yoast_head_json":{"title":"Desjardins &#8226; Aleop","description":"Aleop x Desjardins : B\u00e9n\u00e9ficiez de l\u2019offre exclusive aux membres entreprises de Desjardins","robots":{"index":"noindex","follow":"nofollow"},"og_locale":"en_US","og_type":"article","og_title":"Aleop x Desjardins","og_description":"Une solution num\u00e9rique pour simplifier la comptabilit\u00e9, la saisie de donn\u00e9es et le classement de vos documents.","og_url":"https:\/\/www.aleop.ca\/en\/desjardins\/","og_site_name":"Aleop","article_publisher":"https:\/\/www.facebook.com\/SolutionAleop\/","article_modified_time":"2024-02-09T15:42:46+00:00","og_image":[{"width":1200,"height":630,"url":"https:\/\/www.aleop.ca\/wp-content\/uploads\/2022\/10\/Meta-Images_Desjardins-01.png","type":"image\/png"}],"twitter_card":"summary_large_image","schema":{"@context":"https:\/\/schema.org","@graph":[{"@type":"WebPage","@id":"https:\/\/www.aleop.ca\/desjardins\/","url":"https:\/\/www.aleop.ca\/desjardins\/","name":"Desjardins &#8226; Aleop","isPartOf":{"@id":"https:\/\/www.aleop.ca\/#website"},"datePublished":"2022-10-18T19:38:19+00:00","dateModified":"2024-02-09T15:42:46+00:00","description":"Aleop x Desjardins : B\u00e9n\u00e9ficiez de l\u2019offre exclusive aux membres entreprises de Desjardins","breadcrumb":{"@id":"https:\/\/www.aleop.ca\/desjardins\/#breadcrumb"},"inLanguage":"en-CA","potentialAction":[{"@type":"ReadAction","target":["https:\/\/www.aleop.ca\/desjardins\/"]}]},{"@type":"BreadcrumbList","@id":"https:\/\/www.aleop.ca\/desjardins\/#breadcrumb","itemListElement":[{"@type":"ListItem","position":1,"name":"Aleop","item":"https:\/\/www.aleop.ca\/"},{"@type":"ListItem","position":2,"name":"Desjardins"}]},{"@type":"WebSite","@id":"https:\/\/www.aleop.ca\/#website","url":"https:\/\/www.aleop.ca\/","name":"Aleop","description":"Gardez l&#039;oeil sur vos affaires","publisher":{"@id":"https:\/\/www.aleop.ca\/#organization"},"potentialAction":[{"@type":"SearchAction","target":{"@type":"EntryPoint","urlTemplate":"https:\/\/www.aleop.ca\/?s={search_term_string}"},"query-input":{"@type":"PropertyValueSpecification","valueRequired":true,"valueName":"search_term_string"}}],"inLanguage":"en-CA"},{"@type":"Organization","@id":"https:\/\/www.aleop.ca\/#organization","name":"Aleop","url":"https:\/\/www.aleop.ca\/","logo":{"@type":"ImageObject","inLanguage":"en-CA","@id":"https:\/\/www.aleop.ca\/#\/schema\/logo\/image\/","url":"https:\/\/eshzmn8si6u.exactdn.com\/wp-content\/uploads\/2021\/11\/aleop-logo-MD.png?lossy=1&ssl=1","contentUrl":"https:\/\/eshzmn8si6u.exactdn.com\/wp-content\/uploads\/2021\/11\/aleop-logo-MD.png?lossy=1&ssl=1","width":784,"height":338,"caption":"Aleop"},"image":{"@id":"https:\/\/www.aleop.ca\/#\/schema\/logo\/image\/"},"sameAs":["https:\/\/www.facebook.com\/SolutionAleop\/","https:\/\/www.linkedin.com\/company\/aleop\/?originalSubdomain=ca","https:\/\/www.youtube.com\/channel\/UCa1Cq6ufhSLgAE1f8VsYWwA"]}]}},"_links":{"self":[{"href":"https:\/\/www.aleop.ca\/en\/wp-json\/wp\/v2\/pages\/1551","targetHints":{"allow":["GET"]}}],"collection":[{"href":"https:\/\/www.aleop.ca\/en\/wp-json\/wp\/v2\/pages"}],"about":[{"href":"https:\/\/www.aleop.ca\/en\/wp-json\/wp\/v2\/types\/page"}],"author":[{"embeddable":true,"href":"https:\/\/www.aleop.ca\/en\/wp-json\/wp\/v2\/users\/1"}],"replies":[{"embeddable":true,"href":"https:\/\/www.aleop.ca\/en\/wp-json\/wp\/v2\/comments?post=1551"}],"version-history":[{"count":45,"href":"https:\/\/www.aleop.ca\/en\/wp-json\/wp\/v2\/pages\/1551\/revisions"}],"predecessor-version":[{"id":2694,"href":"https:\/\/www.aleop.ca\/en\/wp-json\/wp\/v2\/pages\/1551\/revisions\/2694"}],"wp:attachment":[{"href":"https:\/\/www.aleop.ca\/en\/wp-json\/wp\/v2\/media?parent=1551"}],"wp:term":[{"taxonomy":"page_type","embeddable":true,"href":"https:\/\/www.aleop.ca\/en\/wp-json\/wp\/v2\/page_type?post=1551"}],"curies":[{"name":"wp","href":"https:\/\/api.w.org\/{rel}","templated":true}]}}